{"id":353,"date":"2025-06-28T11:58:49","date_gmt":"2025-06-28T11:58:49","guid":{"rendered":"https:\/\/tradeart.strategiedigitali.net\/?page_id=353"},"modified":"2026-03-18T11:07:36","modified_gmt":"2026-03-18T11:07:36","slug":"lavora-con-noi","status":"publish","type":"page","link":"https:\/\/tradeart2000.com\/en\/lavora-con-noi\/","title":{"rendered":"Work with us"},"content":{"rendered":"\t\t<div data-elementor-type=\"wp-page\" data-elementor-id=\"353\" class=\"elementor elementor-353\" data-elementor-post-type=\"page\">\n\t\t\t\t<div class=\"elementor-element elementor-element-324d071 e-con-full e-flex e-con e-parent\" data-id=\"324d071\" data-element_type=\"container\" data-e-type=\"container\">\n\t\t\t\t<div class=\"elementor-element elementor-element-2cb5b3a elementor-widget elementor-widget-template\" data-id=\"2cb5b3a\" data-element_type=\"widget\" data-e-type=\"widget\" data-widget_type=\"template.default\">\n\t\t\t\t<div class=\"elementor-widget-container\">\n\t\t\t\t\t\t\t<div class=\"elementor-template\">\n\t\t\t\t\t<div data-elementor-type=\"section\" data-elementor-id=\"1173\" class=\"elementor elementor-1173\" data-elementor-post-type=\"elementor_library\">\n\t\t\t<div class=\"elementor-element elementor-element-41d975e e-flex e-con-boxed e-con e-parent\" data-id=\"41d975e\" data-element_type=\"container\" data-e-type=\"container\" data-settings=\"{&quot;background_background&quot;:&quot;classic&quot;}\">\n\t\t\t\t\t<div class=\"e-con-inner\">\n\t\t\t\t\t<\/div>\n\t\t\t\t<\/div>\n\t\t\t\t<\/div>\n\t\t\t\t<\/div>\n\t\t\t\t\t\t<\/div>\n\t\t\t\t<\/div>\n\t\t\t\t<\/div>\n\t\t<div class=\"elementor-element elementor-element-7f662cb9 e-flex e-con-boxed e-con e-parent\" data-id=\"7f662cb9\" data-element_type=\"container\" data-e-type=\"container\">\n\t\t\t\t\t<div class=\"e-con-inner\">\n\t\t\t\t<div class=\"elementor-element elementor-element-718cfd1f elementor-widget elementor-widget-heading\" data-id=\"718cfd1f\" data-element_type=\"widget\" data-e-type=\"widget\" data-widget_type=\"heading.default\">\n\t\t\t\t\t<h6 class=\"elementor-heading-title elementor-size-default\">ANNUNCI DI POSIZIONI APERTE<\/h6>\t\t\t\t<\/div>\n\t\t\t\t<div class=\"elementor-element elementor-element-471a4f3f elementor-widget elementor-widget-elementskit-heading\" data-id=\"471a4f3f\" data-element_type=\"widget\" data-e-type=\"widget\" data-widget_type=\"elementskit-heading.default\">\n\t\t\t\t\t<div class=\"ekit-wid-con\" ><div class=\"ekit-heading elementskit-section-title-wraper text_center   ekit_heading_tablet-text_center   ekit_heading_mobile-\"><h3 class=\"ekit-heading--title elementskit-section-title \">Fai parte del nostro <span><span>Team.<\/span><\/span> Unisciti a noi ora<\/h3><\/div><\/div>\t\t\t\t<\/div>\n\t\t<div class=\"elementor-element elementor-element-e8788b9 e-flex e-con-boxed e-con e-child\" data-id=\"e8788b9\" data-element_type=\"container\" data-e-type=\"container\">\n\t\t\t\t\t<div class=\"e-con-inner\">\n\t\t<div class=\"elementor-element elementor-element-f0b5537 e-grid e-con-full e-con e-child\" data-id=\"f0b5537\" data-element_type=\"container\" data-e-type=\"container\">\n\t\t<div class=\"elementor-element elementor-element-24ed053 e-con-full elementor-hidden-desktop elementor-hidden-tablet elementor-hidden-mobile e-flex e-con e-child\" data-id=\"24ed053\" data-element_type=\"container\" data-e-type=\"container\" data-settings=\"{&quot;background_background&quot;:&quot;classic&quot;}\">\n\t\t\t\t<div class=\"elementor-element elementor-element-5f8d030 elementor-widget elementor-widget-text-editor\" data-id=\"5f8d030\" data-element_type=\"widget\" data-e-type=\"widget\" data-widget_type=\"text-editor.default\">\n\t\t\t\t\t\t\t\t\t<p>Non ci sono attualmente posizioni aperte. Tuttavia, puoi inviarci una\u00a0<strong>candidatura spontanea<\/strong>\u00a0compilando l&#8217;apposito modulo. Valuteremo con interesse il tuo profilo per future opportunit\u00e0.<\/p>\t\t\t\t\t\t\t\t<\/div>\n\t\t\t\t<\/div>\n\t\t<div class=\"elementor-element elementor-element-e963a67 e-con-full elementor-hidden-desktop elementor-hidden-tablet elementor-hidden-mobile e-flex e-con e-child\" data-id=\"e963a67\" data-element_type=\"container\" data-e-type=\"container\" data-settings=\"{&quot;background_background&quot;:&quot;classic&quot;}\">\n\t\t\t\t<div class=\"elementor-element elementor-element-f914fd6 elementor-widget elementor-widget-heading\" data-id=\"f914fd6\" data-element_type=\"widget\" data-e-type=\"widget\" data-widget_type=\"heading.default\">\n\t\t\t\t\t<h6 class=\"elementor-heading-title elementor-size-default\">FULL-TIME \/ PART TIME<\/h6>\t\t\t\t<\/div>\n\t\t\t\t<div class=\"elementor-element elementor-element-fdf7b1d elementor-widget elementor-widget-heading\" data-id=\"fdf7b1d\" data-element_type=\"widget\" data-e-type=\"widget\" data-widget_type=\"heading.default\">\n\t\t\t\t\t<h5 class=\"elementor-heading-title elementor-size-default\">Service Manager<\/h5>\t\t\t\t<\/div>\n\t\t\t\t<div class=\"elementor-element elementor-element-4ac5c89 elementor-widget elementor-widget-text-editor\" data-id=\"4ac5c89\" data-element_type=\"widget\" data-e-type=\"widget\" data-widget_type=\"text-editor.default\">\n\t\t\t\t\t\t\t\t\t<p class=\"x_elementToProof\">La figura selezionata entrer\u00e0 a far parte della struttura Service e avr\u00e0 un ruolo chiave nel coordinamento delle attivit\u00e0 di assistenza tecnica, supportando clienti e tecnici sul territorio e contribuendo al mantenimento degli elevati standard di servizio dell\u2019azienda.<\/p><p class=\"x_elementToProof\"><b>Responsabilit\u00e0 principali<\/b><\/p><ul><li class=\"x_elementToProof\">Gestione delle attivit\u00e0 di <b>help desk tecnico<\/b>\u00a0e delle chiamate di assistenza di primo livello<\/li><li class=\"x_elementToProof\">Supporto operativo nella pianificazione di <b>interventi tecnici, manutenzioni preventive e installazioni<\/b><\/li><li class=\"x_elementToProof\">Coordinamento con il team di tecnici sul territorio per la gestione delle richieste di assistenza<\/li><li class=\"x_elementToProof\">Interfaccia diretta con i clienti per garantire un servizio professionale, tempestivo ed efficace<\/li><li class=\"x_elementToProof\">Gestione e aggiornamento della documentazione tecnica tramite software gestionali aziendali (DDT, resi, ricambi)<\/li><li class=\"x_elementToProof\">Gestione dei ricambi<\/li><li class=\"x_elementToProof\">Monitoraggio delle attivit\u00e0 di service e supporto ai processi organizzativi del dipartimento<\/li><li class=\"x_elementToProof\">Gestione delle installazioni con personale interno\/esterno<\/li><li class=\"x_elementToProof\">Gestione del calendario delle manutenzioni annuali<\/li><\/ul><p class=\"x_elementToProof\"><b>Requisiti<\/b><\/p><ul><li><span role=\"presentation\"><b>Laurea, preferibilmente in Ingegneria Biomedica<\/b><\/span><\/li><li><span role=\"presentation\">Esperienza o familiarit\u00e0 con attivit\u00e0 di <b>help desk tecnico e gestione chiamate di assistenza, preferibilmente nel settore della diagnostica per immagini<\/b><\/span><\/li><li><span role=\"presentation\">Buona padronanza nell\u2019utilizzo di <b>email e software gestionali<\/b><\/span><\/li><li><span role=\"presentation\">Capacit\u00e0 di gestione della <b>documentazione tecnica<\/b>\u00a0(DDT, resi, ricambi)<\/span><\/li><li><span role=\"presentation\">Ottime capacit\u00e0 di <b>relazione con il cliente<\/b>, con approccio professionale e proattivo<\/span><\/li><li><span role=\"presentation\">Conoscenza della lingua inglese; livello B1 sia parlato che scritto<\/span><\/li><\/ul><p class=\"x_elementToProof\"><b>Competenze personali<\/b><\/p><ul><li><span role=\"presentation\">Forti capacit\u00e0 <b>organizzative<\/b><\/span><\/li><li><span role=\"presentation\">Ottime <b>doti comunicative<\/b><\/span><\/li><li><span role=\"presentation\">Attitudine al <b>lavoro di squadra<\/b><\/span><\/li><li><span role=\"presentation\">Approccio orientato alla risoluzione dei problemi<\/span><\/li><\/ul>\t\t\t\t\t\t\t\t<\/div>\n\t\t\t\t<\/div>\n\t\t\t\t<div class=\"elementor-element elementor-element-25b8894 elementor-widget elementor-widget-elementskit-accordion\" data-id=\"25b8894\" data-element_type=\"widget\" data-e-type=\"widget\" data-widget_type=\"elementskit-accordion.default\">\n\t\t\t\t\t<div class=\"ekit-wid-con\" >\n        <div class=\"elementskit-accordion accoedion-primary\" id=\"accordion-69ea0ba924007\">\n\n            \n                <div class=\"elementskit-card active\">\n                    <div class=\"elementskit-card-header\" id=\"primaryHeading-0-25b8894\">\n                        <a href=\"#collapse-6b6f0f269ea0ba924007\" class=\"ekit-accordion--toggler elementskit-btn-link collapsed\" data-ekit-toggle=\"collapse\" data-target=\"#Collapse-6b6f0f269ea0ba924007\" aria-expanded=\"true\" aria-controls=\"Collapse-6b6f0f269ea0ba924007\">\n                            \n                            <span class=\"ekit-accordion-title\">Service Manager<\/span>\n\n                            \n                                <div class=\"ekit_accordion_icon_group\">\n                                    <div class=\"ekit_accordion_normal_icon\">\n                                        <!-- Normal Icon -->\n\t\t\t\t\t\t\t\t\t\t<i class=\"icon icon-down-arrow1\"><\/i>                                    <\/div>\n\n                                    <div class=\"ekit_accordion_active_icon\">\n                                        <!-- Active Icon -->\n\t\t\t\t\t\t\t\t\t\t<i class=\"icon icon-up-arrow1\"><\/i>                                    <\/div>\n                                <\/div>\n\n                            \n                                                    <\/a>\n                    <\/div>\n\n                    <div id=\"Collapse-6b6f0f269ea0ba924007\" class=\" show collapse\" aria-labelledby=\"primaryHeading-0-25b8894\" data-parent=\"#accordion-69ea0ba924007\">\n\n                        <div class=\"elementskit-card-body ekit-accordion--content\">\n                            <p class=\"x_elementToProof\">La figura selezionata entrer\u00e0 a far parte della struttura Service e avr\u00e0 un ruolo chiave nel coordinamento delle attivit\u00e0 di assistenza tecnica, supportando clienti e tecnici sul territorio e contribuendo al mantenimento degli elevati standard di servizio dell\u2019azienda.<\/p><p class=\"x_elementToProof\"><b>Responsabilit\u00e0 principali<\/b><\/p><ul><li class=\"x_elementToProof\">Gestione delle attivit\u00e0 di <b>help desk tecnico<\/b>\u00a0e delle chiamate di assistenza di primo livello<\/li><li class=\"x_elementToProof\">Supporto operativo nella pianificazione di <b>interventi tecnici, manutenzioni preventive e installazioni<\/b><\/li><li class=\"x_elementToProof\">Coordinamento con il team di tecnici sul territorio per la gestione delle richieste di assistenza<\/li><li class=\"x_elementToProof\">Interfaccia diretta con i clienti per garantire un servizio professionale, tempestivo ed efficace<\/li><li class=\"x_elementToProof\">Gestione e aggiornamento della documentazione tecnica tramite software gestionali aziendali (DDT, resi, ricambi)<\/li><li class=\"x_elementToProof\">Gestione dei ricambi<\/li><li class=\"x_elementToProof\">Monitoraggio delle attivit\u00e0 di service e supporto ai processi organizzativi del dipartimento<\/li><li class=\"x_elementToProof\">Gestione delle installazioni con personale interno\/esterno<\/li><li class=\"x_elementToProof\">Gestione del calendario delle manutenzioni annuali<\/li><\/ul><p class=\"x_elementToProof\"><b>Requisiti<\/b><\/p><ul><li><span><b>Laurea, preferibilmente in Ingegneria Biomedica<\/b><\/span><\/li><li><span>Esperienza o familiarit\u00e0 con attivit\u00e0 di <b>help desk tecnico e gestione chiamate di assistenza, preferibilmente nel settore della diagnostica per immagini<\/b><\/span><\/li><li><span>Buona padronanza nell\u2019utilizzo di <b>email e software gestionali<\/b><\/span><\/li><li><span>Capacit\u00e0 di gestione della <b>documentazione tecnica<\/b>\u00a0(DDT, resi, ricambi)<\/span><\/li><li><span>Ottime capacit\u00e0 di <b>relazione con il cliente<\/b>, con approccio professionale e proattivo<\/span><\/li><li><span>Conoscenza della lingua inglese; livello B1 sia parlato che scritto<\/span><\/li><\/ul><p>\u00a0<\/p><p class=\"x_elementToProof\"><b>Competenze personali<\/b><\/p><ul><li><span>Forti capacit\u00e0 <b>organizzative<\/b><\/span><\/li><li><span>Ottime <b>doti comunicative<\/b><\/span><\/li><li><span>Attitudine al <b>lavoro di squadra<\/b><\/span><\/li><li><span>Approccio orientato alla risoluzione dei problemi<\/span><\/li><\/ul>                        <\/div>\n\n                    <\/div>\n\n                <\/div><!-- .elementskit-card END -->\n\n                                        <\/div>\n    <\/div>\t\t\t\t<\/div>\n\t\t\t\t<\/div>\n\t\t<div class=\"elementor-element elementor-element-1644e48a e-con-full e-flex e-con e-child\" data-id=\"1644e48a\" data-element_type=\"container\" data-e-type=\"container\">\n\t\t<div class=\"elementor-element elementor-element-454bc81f e-flex e-con-boxed e-con e-child\" data-id=\"454bc81f\" data-element_type=\"container\" data-e-type=\"container\" data-settings=\"{&quot;background_background&quot;:&quot;classic&quot;}\">\n\t\t\t\t\t<div class=\"e-con-inner\">\n\t\t\t\t<div class=\"elementor-element elementor-element-13a279e8 elementor-widget elementor-widget-heading\" data-id=\"13a279e8\" data-element_type=\"widget\" data-e-type=\"widget\" data-widget_type=\"heading.default\">\n\t\t\t\t\t<h4 class=\"elementor-heading-title elementor-size-default\">Unisciti al nostro team<\/h4>\t\t\t\t<\/div>\n\t\t\t\t<div class=\"elementor-element elementor-element-12a3454 elementor-widget elementor-widget-spacer\" data-id=\"12a3454\" data-element_type=\"widget\" data-e-type=\"widget\" data-widget_type=\"spacer.default\">\n\t\t\t\t\t\t\t<div class=\"elementor-spacer\">\n\t\t\t<div class=\"elementor-spacer-inner\"><\/div>\n\t\t<\/div>\n\t\t\t\t\t\t<\/div>\n\t\t\t\t<div class=\"elementor-element elementor-element-137c77eb elementor-button-align-stretch elementor-widget elementor-widget-form\" data-id=\"137c77eb\" data-element_type=\"widget\" data-e-type=\"widget\" data-settings=\"{&quot;step_next_label&quot;:&quot;Successivo&quot;,&quot;step_previous_label&quot;:&quot;Precedente&quot;,&quot;button_width&quot;:&quot;100&quot;,&quot;step_type&quot;:&quot;number_text&quot;,&quot;step_icon_shape&quot;:&quot;circle&quot;}\" data-widget_type=\"form.default\">\n\t\t\t\t\t\t\t<form class=\"elementor-form\" method=\"post\" name=\"Form Lavora con noi\" aria-label=\"Form Lavora con noi\">\n\t\t\t<input type=\"hidden\" name=\"post_id\" value=\"353\"\/>\n\t\t\t<input type=\"hidden\" name=\"form_id\" value=\"137c77eb\"\/>\n\t\t\t<input type=\"hidden\" name=\"referer_title\" value=\"\" \/>\n\n\t\t\t\n\t\t\t<div class=\"elementor-form-fields-wrapper elementor-labels-above\">\n\t\t\t\t\t\t\t\t<div class=\"elementor-field-type-text elementor-field-group elementor-column elementor-field-group-name elementor-col-100 elementor-field-required elementor-mark-required\">\n\t\t\t\t\t\t\t\t\t\t\t\t<label for=\"form-field-name\" class=\"elementor-field-label\">\n\t\t\t\t\t\t\t\tNome\t\t\t\t\t\t\t<\/label>\n\t\t\t\t\t\t\t\t\t\t\t\t\t\t<input size=\"1\" type=\"text\" name=\"form_fields[name]\" id=\"form-field-name\" class=\"elementor-field elementor-size-md  elementor-field-textual\" placeholder=\"Il tuo nome\" required=\"required\">\n\t\t\t\t\t\t\t\t\t\t\t<\/div>\n\t\t\t\t\t\t\t\t<div class=\"elementor-field-type-text elementor-field-group elementor-column elementor-field-group-field_a2d65e9 elementor-col-100 elementor-field-required elementor-mark-required\">\n\t\t\t\t\t\t\t\t\t\t\t\t<label for=\"form-field-field_a2d65e9\" class=\"elementor-field-label\">\n\t\t\t\t\t\t\t\tCognome\t\t\t\t\t\t\t<\/label>\n\t\t\t\t\t\t\t\t\t\t\t\t\t\t<input size=\"1\" type=\"text\" name=\"form_fields[field_a2d65e9]\" id=\"form-field-field_a2d65e9\" class=\"elementor-field elementor-size-md  elementor-field-textual\" placeholder=\"Cognome\" required=\"required\">\n\t\t\t\t\t\t\t\t\t\t\t<\/div>\n\t\t\t\t\t\t\t\t<div class=\"elementor-field-type-email elementor-field-group elementor-column elementor-field-group-email elementor-col-100 elementor-field-required elementor-mark-required\">\n\t\t\t\t\t\t\t\t\t\t\t\t<label for=\"form-field-email\" class=\"elementor-field-label\">\n\t\t\t\t\t\t\t\tEmail\t\t\t\t\t\t\t<\/label>\n\t\t\t\t\t\t\t\t\t\t\t\t\t\t<input size=\"1\" type=\"email\" name=\"form_fields[email]\" id=\"form-field-email\" class=\"elementor-field elementor-size-md  elementor-field-textual\" placeholder=\"La tua Email\" required=\"required\">\n\t\t\t\t\t\t\t\t\t\t\t<\/div>\n\t\t\t\t\t\t\t\t<div class=\"elementor-field-type-text elementor-field-group elementor-column elementor-field-group-field_b57c008 elementor-col-100 elementor-field-required elementor-mark-required\">\n\t\t\t\t\t\t\t\t\t\t\t\t<label for=\"form-field-field_b57c008\" class=\"elementor-field-label\">\n\t\t\t\t\t\t\t\tPosizione\t\t\t\t\t\t\t<\/label>\n\t\t\t\t\t\t\t\t\t\t\t\t\t\t<input size=\"1\" type=\"text\" name=\"form_fields[field_b57c008]\" id=\"form-field-field_b57c008\" class=\"elementor-field elementor-size-md  elementor-field-textual\" placeholder=\"Posizione per la quale ti candidi\" required=\"required\">\n\t\t\t\t\t\t\t\t\t\t\t<\/div>\n\t\t\t\t\t\t\t\t<div class=\"elementor-field-type-textarea elementor-field-group elementor-column elementor-field-group-message elementor-col-100\">\n\t\t\t\t\t\t\t\t\t\t\t\t<label for=\"form-field-message\" class=\"elementor-field-label\">\n\t\t\t\t\t\t\t\tMessaggio\t\t\t\t\t\t\t<\/label>\n\t\t\t\t\t\t<textarea class=\"elementor-field-textual elementor-field  elementor-size-md\" name=\"form_fields[message]\" id=\"form-field-message\" rows=\"6\" placeholder=\"Inserisci il messaggio\"><\/textarea>\t\t\t\t<\/div>\n\t\t\t\t\t\t\t\t<div class=\"elementor-field-type-upload elementor-field-group elementor-column elementor-field-group-field_609896b elementor-col-100 elementor-field-required elementor-mark-required\">\n\t\t\t\t\t\t\t\t\t\t\t\t<label for=\"form-field-field_609896b\" class=\"elementor-field-label\">\n\t\t\t\t\t\t\t\tUpload CV\t\t\t\t\t\t\t<\/label>\n\t\t\t\t\t\t\t\t<input type=\"file\" name=\"form_fields[field_609896b]\" id=\"form-field-field_609896b\" class=\"elementor-field elementor-size-md  elementor-upload-field\" required=\"required\">\n\n\t\t\t\t\t\t<\/div>\n\t\t\t\t\t\t\t\t<div class=\"elementor-field-type-checkbox elementor-field-group elementor-column elementor-field-group-field_cd15238 elementor-col-100\">\n\t\t\t\t\t\t\t\t\t\t\t\t<label for=\"form-field-field_cd15238\" class=\"elementor-field-label\">\n\t\t\t\t\t\t\t\tAccettazione\t\t\t\t\t\t\t<\/label>\n\t\t\t\t\t\t<div class=\"elementor-field-subgroup  \"><span class=\"elementor-field-option\"><input type=\"checkbox\" value=\"Consento a Trade Art di archiviare e elaborare i miei dati personali ricevendo quanto oggetto della richiesta appena inviata.\" id=\"form-field-field_cd15238-0\" name=\"form_fields[field_cd15238]\"> <label for=\"form-field-field_cd15238-0\">Consento a Trade Art di archiviare e elaborare i miei dati personali ricevendo quanto oggetto della richiesta appena inviata.<\/label><\/span><\/div>\t\t\t\t<\/div>\n\t\t\t\t\t\t\t\t<div class=\"elementor-field-type-text\">\n\t\t\t\t\t<input size=\"1\" type=\"text\" name=\"form_fields[field_f362dcd]\" id=\"form-field-field_f362dcd\" class=\"elementor-field elementor-size-md \" style=\"display:none !important;\">\t\t\t\t<\/div>\n\t\t\t\t\t\t\t\t<div class=\"elementor-field-group elementor-column elementor-field-type-submit elementor-col-100 e-form__buttons\">\n\t\t\t\t\t<button class=\"elementor-button elementor-size-sm\" type=\"submit\">\n\t\t\t\t\t\t<span class=\"elementor-button-content-wrapper\">\n\t\t\t\t\t\t\t\t\t\t\t\t\t\t\t\t\t\t\t\t\t\t<span class=\"elementor-button-text\">INVIA CANDIDATURA<\/span>\n\t\t\t\t\t\t\t\t\t\t\t\t\t<\/span>\n\t\t\t\t\t<\/button>\n\t\t\t\t<\/div>\n\t\t\t<\/div>\n\t\t<\/form>\n\t\t\t\t\t\t<\/div>\n\t\t\t\t\t<\/div>\n\t\t\t\t<\/div>\n\t\t\t\t<\/div>\n\t\t\t\t\t<\/div>\n\t\t\t\t<\/div>\n\t\t\t\t\t<\/div>\n\t\t\t\t<\/div>\n\t\t\t\t<\/div>\n\t\t","protected":false},"excerpt":{"rendered":"<p>ANNUNCI DI POSIZIONI APERTE Fai parte del nostro Team. Unisciti a noi ora Non ci sono attualmente posizioni aperte. Tuttavia, puoi inviarci una\u00a0candidatura spontanea\u00a0compilando l&#8217;apposito modulo. Valuteremo con interesse il tuo profilo per future opportunit\u00e0. FULL-TIME \/ PART TIME Service Manager La figura selezionata entrer\u00e0 a far parte della struttura Service e avr\u00e0 un ruolo [&hellip;]<\/p>\n","protected":false},"author":1,"featured_media":0,"parent":0,"menu_order":0,"comment_status":"closed","ping_status":"closed","template":"","meta":{"_acf_changed":false,"footnotes":""},"class_list":["post-353","page","type-page","status-publish","hentry"],"acf":[],"_links":{"self":[{"href":"https:\/\/tradeart2000.com\/en\/wp-json\/wp\/v2\/pages\/353","targetHints":{"allow":["GET"]}}],"collection":[{"href":"https:\/\/tradeart2000.com\/en\/wp-json\/wp\/v2\/pages"}],"about":[{"href":"https:\/\/tradeart2000.com\/en\/wp-json\/wp\/v2\/types\/page"}],"author":[{"embeddable":true,"href":"https:\/\/tradeart2000.com\/en\/wp-json\/wp\/v2\/users\/1"}],"replies":[{"embeddable":true,"href":"https:\/\/tradeart2000.com\/en\/wp-json\/wp\/v2\/comments?post=353"}],"version-history":[{"count":96,"href":"https:\/\/tradeart2000.com\/en\/wp-json\/wp\/v2\/pages\/353\/revisions"}],"predecessor-version":[{"id":4462,"href":"https:\/\/tradeart2000.com\/en\/wp-json\/wp\/v2\/pages\/353\/revisions\/4462"}],"wp:attachment":[{"href":"https:\/\/tradeart2000.com\/en\/wp-json\/wp\/v2\/media?parent=353"}],"curies":[{"name":"wp","href":"https:\/\/api.w.org\/{rel}","templated":true}]}}