{"id":639,"date":"2025-06-29T21:10:20","date_gmt":"2025-06-29T21:10:20","guid":{"rendered":"https:\/\/tradeart.strategiedigitali.net\/?page_id=639"},"modified":"2026-03-03T11:19:18","modified_gmt":"2026-03-03T11:19:18","slug":"faq","status":"publish","type":"page","link":"https:\/\/tradeart2000.com\/en\/faq\/","title":{"rendered":"FAQ"},"content":{"rendered":"<div data-elementor-type=\"wp-page\" data-elementor-id=\"639\" class=\"elementor elementor-639\" data-elementor-post-type=\"page\">\n\t\t\t\t<div class=\"elementor-element elementor-element-f76aef2 e-con-full e-flex e-con e-parent\" data-id=\"f76aef2\" data-element_type=\"container\" data-e-type=\"container\">\n\t\t\t\t<div class=\"elementor-element elementor-element-44ec33d elementor-widget elementor-widget-template\" data-id=\"44ec33d\" data-element_type=\"widget\" data-e-type=\"widget\" data-widget_type=\"template.default\">\n\t\t\t\t<div class=\"elementor-widget-container\">\n\t\t\t\t\t\t\t<div class=\"elementor-template\">\n\t\t\t\t\t<div data-elementor-type=\"section\" data-elementor-id=\"1173\" class=\"elementor elementor-1173\" data-elementor-post-type=\"elementor_library\">\n\t\t\t<div class=\"elementor-element elementor-element-41d975e e-flex e-con-boxed e-con e-parent\" data-id=\"41d975e\" data-element_type=\"container\" data-e-type=\"container\" data-settings=\"{&quot;background_background&quot;:&quot;classic&quot;}\">\n\t\t\t\t\t<div class=\"e-con-inner\">\n\t\t\t\t\t<\/div>\n\t\t\t\t<\/div>\n\t\t\t\t<\/div>\n\t\t\t\t<\/div>\n\t\t\t\t\t\t<\/div>\n\t\t\t\t<\/div>\n\t\t\t\t<\/div>\n\t\t<div class=\"elementor-element elementor-element-26288705 e-flex e-con-boxed e-con e-parent\" data-id=\"26288705\" data-element_type=\"container\" data-e-type=\"container\" data-settings=\"{&quot;background_background&quot;:&quot;classic&quot;}\">\n\t\t\t\t\t<div class=\"e-con-inner\">\n\t\t<div class=\"elementor-element elementor-element-3792491b e-flex e-con-boxed e-con e-child\" data-id=\"3792491b\" data-element_type=\"container\" data-e-type=\"container\">\n\t\t\t\t\t<div class=\"e-con-inner\">\n\t\t<div class=\"elementor-element elementor-element-198b124b e-con-full e-flex e-con e-child\" data-id=\"198b124b\" data-element_type=\"container\" data-e-type=\"container\">\n\t\t\t\t<div class=\"elementor-element elementor-element-531a6955 elementor-widget elementor-widget-heading\" data-id=\"531a6955\" data-element_type=\"widget\" data-e-type=\"widget\" data-widget_type=\"heading.default\">\n\t\t\t\t\t<h6 class=\"elementor-heading-title elementor-size-default\">QUESTIONS &amp; ANSWERS<\/h6>\t\t\t\t<\/div>\n\t\t\t\t<div class=\"elementor-element elementor-element-39327a04 elementor-widget elementor-widget-elementskit-heading\" data-id=\"39327a04\" data-element_type=\"widget\" data-e-type=\"widget\" data-widget_type=\"elementskit-heading.default\">\n\t\t\t\t\t<div class=\"ekit-wid-con\" ><div class=\"ekit-heading elementskit-section-title-wraper text_left   ekit_heading_tablet-text_center   ekit_heading_mobile-\"><h3 class=\"ekit-heading--title elementskit-section-title translation-block\"><span><span>Frequently<\/span><\/span> Asked Questions from our clients<\/h3>\t\t\t\t<div class='ekit-heading__description'>\n\t\t\t\t\t<p>Scopri le risposte alle domande pi\u00f9 comuni sui nostri servizi, sulle tecnologie fornite e sui progetti chiavi in mano. Se non trovi ci\u00f2 che cerchi, contattaci: il nostro team \u00e8 sempre disponibile.<\/p>\n\t\t\t\t<\/div>\n\t\t\t<\/div><\/div>\t\t\t\t<\/div>\n\t\t\t\t<div class=\"elementor-element elementor-element-64c96038 elementor-widget elementor-widget-elementskit-accordion\" data-id=\"64c96038\" data-element_type=\"widget\" data-e-type=\"widget\" data-widget_type=\"elementskit-accordion.default\">\n\t\t\t\t\t<div class=\"ekit-wid-con\" >\n        <div class=\"elementskit-accordion accoedion-primary\" id=\"accordion-69e93db49f508\">\n\n            \n                <div class=\"elementskit-card active\">\n                    <div class=\"elementskit-card-header\" id=\"primaryHeading-0-64c96038\">\n                        <a href=\"#collapse-6b6f0f269e93db49f508\" class=\"ekit-accordion--toggler elementskit-btn-link collapsed\" data-ekit-toggle=\"collapse\" data-target=\"#Collapse-6b6f0f269e93db49f508\" aria-expanded=\"true\" aria-controls=\"Collapse-6b6f0f269e93db49f508\">\n                            \n                            <span class=\"ekit-accordion-title\">What types of diagnostic equipment do you supply?<\/span>\n\n                            \n                                <div class=\"ekit_accordion_icon_group\">\n                                    <div class=\"ekit_accordion_normal_icon\">\n                                        <!-- Normal Icon -->\n\t\t\t\t\t\t\t\t\t\t<i class=\"icon icon-down-arrow1\"><\/i>                                    <\/div>\n\n                                    <div class=\"ekit_accordion_active_icon\">\n                                        <!-- Active Icon -->\n\t\t\t\t\t\t\t\t\t\t<i class=\"icon icon-up-arrow1\"><\/i>                                    <\/div>\n                                <\/div>\n\n                            \n                                                    <\/a>\n                    <\/div>\n\n                    <div id=\"Collapse-6b6f0f269e93db49f508\" class=\"show collapse\" aria-labelledby=\"primaryHeading-0-64c96038\" data-parent=\"#accordion-69e93db49f508\">\n\n                        <div class=\"elementskit-card-body ekit-accordion--content\">\n                            <p>Forniamo soluzioni complete per radiologia, senologia, diagnostica per immagini e sistemi integrati, con tecnologie digitali avanzate e alta qualit\u00e0 d\u2019immagine.<\/p>                        <\/div>\n\n                    <\/div>\n\n                <\/div><!-- .elementskit-card END -->\n\n                \n                <div class=\"elementskit-card\">\n                    <div class=\"elementskit-card-header\" id=\"primaryHeading-1-64c96038\">\n                        <a href=\"#collapse-dafd64069e93db49f508\" class=\"ekit-accordion--toggler elementskit-btn-link collapsed\" data-ekit-toggle=\"collapse\" data-target=\"#Collapse-dafd64069e93db49f508\" aria-expanded=\"false\" aria-controls=\"Collapse-dafd64069e93db49f508\">\n                            \n                            <span class=\"ekit-accordion-title\">Do you provide technical support services?<\/span>\n\n                            \n                                <div class=\"ekit_accordion_icon_group\">\n                                    <div class=\"ekit_accordion_normal_icon\">\n                                        <!-- Normal Icon -->\n\t\t\t\t\t\t\t\t\t\t<i class=\"icon icon-down-arrow1\"><\/i>                                    <\/div>\n\n                                    <div class=\"ekit_accordion_active_icon\">\n                                        <!-- Active Icon -->\n\t\t\t\t\t\t\t\t\t\t<i class=\"icon icon-up-arrow1\"><\/i>                                    <\/div>\n                                <\/div>\n\n                            \n                                                    <\/a>\n                    <\/div>\n\n                    <div id=\"Collapse-dafd64069e93db49f508\" class=\"collapse\" aria-labelledby=\"primaryHeading-1-64c96038\" data-parent=\"#accordion-69e93db49f508\">\n\n                        <div class=\"elementskit-card-body ekit-accordion--content\">\n                            <p>S\u00ec, il nostro servizio tecnico certificato supporta l\u2019installazione, la manutenzione preventiva e correttiva, oltre a fornire interventi rapidi per garantire continuit\u00e0 operativa.<\/p>                        <\/div>\n\n                    <\/div>\n\n                <\/div><!-- .elementskit-card END -->\n\n                \n                <div class=\"elementskit-card\">\n                    <div class=\"elementskit-card-header\" id=\"primaryHeading-2-64c96038\">\n                        <a href=\"#collapse-cfdd9ef69e93db49f508\" class=\"ekit-accordion--toggler elementskit-btn-link collapsed\" data-ekit-toggle=\"collapse\" data-target=\"#Collapse-cfdd9ef69e93db49f508\" aria-expanded=\"false\" aria-controls=\"Collapse-cfdd9ef69e93db49f508\">\n                            \n                            <span class=\"ekit-accordion-title\">\u00c8 possibile ricevere formazione per il personale?<\/span>\n\n                            \n                                <div class=\"ekit_accordion_icon_group\">\n                                    <div class=\"ekit_accordion_normal_icon\">\n                                        <!-- Normal Icon -->\n\t\t\t\t\t\t\t\t\t\t<i class=\"icon icon-down-arrow1\"><\/i>                                    <\/div>\n\n                                    <div class=\"ekit_accordion_active_icon\">\n                                        <!-- Active Icon -->\n\t\t\t\t\t\t\t\t\t\t<i class=\"icon icon-up-arrow1\"><\/i>                                    <\/div>\n                                <\/div>\n\n                            \n                                                    <\/a>\n                    <\/div>\n\n                    <div id=\"Collapse-cfdd9ef69e93db49f508\" class=\"collapse\" aria-labelledby=\"primaryHeading-2-64c96038\" data-parent=\"#accordion-69e93db49f508\">\n\n                        <div class=\"elementskit-card-body ekit-accordion--content\">\n                            <p class=\"p1\">Yes. We provide both theoretical and hands-on clinical training, as well as periodic update sessions, in collaboration with international partners and industry specialists.<\/p>                        <\/div>\n\n                    <\/div>\n\n                <\/div><!-- .elementskit-card END -->\n\n                \n                <div class=\"elementskit-card\">\n                    <div class=\"elementskit-card-header\" id=\"primaryHeading-3-64c96038\">\n                        <a href=\"#collapse-da6642e69e93db49f508\" class=\"ekit-accordion--toggler elementskit-btn-link collapsed\" data-ekit-toggle=\"collapse\" data-target=\"#Collapse-da6642e69e93db49f508\" aria-expanded=\"false\" aria-controls=\"Collapse-da6642e69e93db49f508\">\n                            \n                            <span class=\"ekit-accordion-title\">Can I request customized solutions for my facility?<\/span>\n\n                            \n                                <div class=\"ekit_accordion_icon_group\">\n                                    <div class=\"ekit_accordion_normal_icon\">\n                                        <!-- Normal Icon -->\n\t\t\t\t\t\t\t\t\t\t<i class=\"icon icon-down-arrow1\"><\/i>                                    <\/div>\n\n                                    <div class=\"ekit_accordion_active_icon\">\n                                        <!-- Active Icon -->\n\t\t\t\t\t\t\t\t\t\t<i class=\"icon icon-up-arrow1\"><\/i>                                    <\/div>\n                                <\/div>\n\n                            \n                                                    <\/a>\n                    <\/div>\n\n                    <div id=\"Collapse-da6642e69e93db49f508\" class=\"collapse\" aria-labelledby=\"primaryHeading-3-64c96038\" data-parent=\"#accordion-69e93db49f508\">\n\n                        <div class=\"elementskit-card-body ekit-accordion--content\">\n                            <p>S\u00ec. Progettiamo soluzioni chiavi in mano personalizzate in base alle esigenze operative, agli spazi disponibili e alle specifiche cliniche.<\/p>                        <\/div>\n\n                    <\/div>\n\n                <\/div><!-- .elementskit-card END -->\n\n                \n                <div class=\"elementskit-card\">\n                    <div class=\"elementskit-card-header\" id=\"primaryHeading-4-64c96038\">\n                        <a href=\"#collapse-71a2eec69e93db49f508\" class=\"ekit-accordion--toggler elementskit-btn-link collapsed\" data-ekit-toggle=\"collapse\" data-target=\"#Collapse-71a2eec69e93db49f508\" aria-expanded=\"false\" aria-controls=\"Collapse-71a2eec69e93db49f508\">\n                            \n                            <span class=\"ekit-accordion-title\">How does your after-sales support work?<\/span>\n\n                            \n                                <div class=\"ekit_accordion_icon_group\">\n                                    <div class=\"ekit_accordion_normal_icon\">\n                                        <!-- Normal Icon -->\n\t\t\t\t\t\t\t\t\t\t<i class=\"icon icon-down-arrow1\"><\/i>                                    <\/div>\n\n                                    <div class=\"ekit_accordion_active_icon\">\n                                        <!-- Active Icon -->\n\t\t\t\t\t\t\t\t\t\t<i class=\"icon icon-up-arrow1\"><\/i>                                    <\/div>\n                                <\/div>\n\n                            \n                                                    <\/a>\n                    <\/div>\n\n                    <div id=\"Collapse-71a2eec69e93db49f508\" class=\"collapse\" aria-labelledby=\"primaryHeading-4-64c96038\" data-parent=\"#accordion-69e93db49f508\">\n\n                        <div class=\"elementskit-card-body ekit-accordion--content\">\n                            <p>We offer comprehensive after-sales support, including remote and on-site assistance, technical consultations, software updates, and ongoing performance monitoring of installed systems.<\/p>                        <\/div>\n\n                    <\/div>\n\n                <\/div><!-- .elementskit-card END -->\n\n                \n                <div class=\"elementskit-card\">\n                    <div class=\"elementskit-card-header\" id=\"primaryHeading-5-64c96038\">\n                        <a href=\"#collapse-0f2c0d469e93db49f508\" class=\"ekit-accordion--toggler elementskit-btn-link collapsed\" data-ekit-toggle=\"collapse\" data-target=\"#Collapse-0f2c0d469e93db49f508\" aria-expanded=\"false\" aria-controls=\"Collapse-0f2c0d469e93db49f508\">\n                            \n                            <span class=\"ekit-accordion-title\">Offrite possibilit\u00e0 di finanziamento o noleggio?<\/span>\n\n                            \n                                <div class=\"ekit_accordion_icon_group\">\n                                    <div class=\"ekit_accordion_normal_icon\">\n                                        <!-- Normal Icon -->\n\t\t\t\t\t\t\t\t\t\t<i class=\"icon icon-down-arrow1\"><\/i>                                    <\/div>\n\n                                    <div class=\"ekit_accordion_active_icon\">\n                                        <!-- Active Icon -->\n\t\t\t\t\t\t\t\t\t\t<i class=\"icon icon-up-arrow1\"><\/i>                                    <\/div>\n                                <\/div>\n\n                            \n                                                    <\/a>\n                    <\/div>\n\n                    <div id=\"Collapse-0f2c0d469e93db49f508\" class=\"collapse\" aria-labelledby=\"primaryHeading-5-64c96038\" data-parent=\"#accordion-69e93db49f508\">\n\n                        <div class=\"elementskit-card-body ekit-accordion--content\">\n                            <p>S\u00ec, proponiamo soluzioni finanziarie flessibili e formule di noleggio per facilitare l\u2019adozione delle nuove tecnologie senza impatti immediati sul budget.<\/p>                        <\/div>\n\n                    <\/div>\n\n                <\/div><!-- .elementskit-card END -->\n\n                \n                <div class=\"elementskit-card\">\n                    <div class=\"elementskit-card-header\" id=\"primaryHeading-6-64c96038\">\n                        <a href=\"#collapse-a0d689769e93db49f508\" class=\"ekit-accordion--toggler elementskit-btn-link collapsed\" data-ekit-toggle=\"collapse\" data-target=\"#Collapse-a0d689769e93db49f508\" aria-expanded=\"false\" aria-controls=\"Collapse-a0d689769e93db49f508\">\n                            \n                            <span class=\"ekit-accordion-title\">Do you operate nationwide?<\/span>\n\n                            \n                                <div class=\"ekit_accordion_icon_group\">\n                                    <div class=\"ekit_accordion_normal_icon\">\n                                        <!-- Normal Icon -->\n\t\t\t\t\t\t\t\t\t\t<i class=\"icon icon-down-arrow1\"><\/i>                                    <\/div>\n\n                                    <div class=\"ekit_accordion_active_icon\">\n                                        <!-- Active Icon -->\n\t\t\t\t\t\t\t\t\t\t<i class=\"icon icon-up-arrow1\"><\/i>                                    <\/div>\n                                <\/div>\n\n                            \n                                                    <\/a>\n                    <\/div>\n\n                    <div id=\"Collapse-a0d689769e93db49f508\" class=\"collapse\" aria-labelledby=\"primaryHeading-6-64c96038\" data-parent=\"#accordion-69e93db49f508\">\n\n                        <div class=\"elementskit-card-body ekit-accordion--content\">\n                            <p>Yes. We provide coverage across the country through our direct technical teams and authorized service partners, ensuring timely and efficient support.<\/p>                        <\/div>\n\n                    <\/div>\n\n                <\/div><!-- .elementskit-card END -->\n\n                                        <\/div>\n    <\/div>\t\t\t\t<\/div>\n\t\t\t\t<\/div>\n\t\t<div class=\"elementor-element elementor-element-12f9e459 e-con-full e-flex e-con e-child\" data-id=\"12f9e459\" data-element_type=\"container\" data-e-type=\"container\" data-settings=\"{&quot;background_background&quot;:&quot;classic&quot;}\">\n\t\t\t\t<div class=\"elementor-element elementor-element-255aa56b elementor-widget elementor-widget-heading\" data-id=\"255aa56b\" data-element_type=\"widget\" data-e-type=\"widget\" data-widget_type=\"heading.default\">\n\t\t\t\t\t<h4 class=\"elementor-heading-title elementor-size-default\">Still Have Questions?<\/h4>\t\t\t\t<\/div>\n\t\t\t\t<div class=\"elementor-element elementor-element-64e0e02 elementor-widget elementor-widget-html\" data-id=\"64e0e02\" data-element_type=\"widget\" data-e-type=\"widget\" data-widget_type=\"html.default\">\n\t\t\t\t\t<style>.elementor-element-64e0e02{display:none !important}<\/style>\t\t\t\t<\/div>\n\t\t\t\t<div class=\"elementor-element elementor-element-ca5b197 elementor-widget elementor-widget-html\" data-id=\"ca5b197\" data-element_type=\"widget\" data-e-type=\"widget\" data-widget_type=\"html.default\">\n\t\t\t\t\t<script charset=\"utf-8\" type=\"text\/javascript\" src=\"\/\/js-eu1.hsforms.net\/forms\/embed\/v2.js\"><\/script>\n<script>\n  hbspt.forms.create({\n    portalId: \"27222778\",\n    formId: \"4e8a5e0c-1b90-4ec8-99d9-9f60479f8d9c\",\n    region: \"eu1\"\n  });\n<\/script>\t\t\t\t<\/div>\n\t\t\t\t<\/div>\n\t\t\t\t\t<\/div>\n\t\t\t\t<\/div>\n\t\t\t\t\t<\/div>\n\t\t\t\t<\/div>\n\t\t\t\t<\/div>","protected":false},"excerpt":{"rendered":"<p>DOMANDE E RISPOSTE Domande frequenti dei nostri clienti Scopri le risposte alle domande pi\u00f9 comuni sui nostri servizi, sulle tecnologie fornite e sui progetti chiavi in mano. Se non trovi ci\u00f2 che cerchi, contattaci: il nostro team \u00e8 sempre disponibile. Quali tipi di apparecchiature diagnostiche fornite? Forniamo soluzioni complete per radiologia, senologia, diagnostica per immagini [&hellip;]<\/p>\n","protected":false},"author":1,"featured_media":0,"parent":0,"menu_order":0,"comment_status":"closed","ping_status":"closed","template":"","meta":{"_acf_changed":false,"footnotes":""},"class_list":["post-639","page","type-page","status-publish","hentry"],"acf":[],"_links":{"self":[{"href":"https:\/\/tradeart2000.com\/en\/wp-json\/wp\/v2\/pages\/639","targetHints":{"allow":["GET"]}}],"collection":[{"href":"https:\/\/tradeart2000.com\/en\/wp-json\/wp\/v2\/pages"}],"about":[{"href":"https:\/\/tradeart2000.com\/en\/wp-json\/wp\/v2\/types\/page"}],"author":[{"embeddable":true,"href":"https:\/\/tradeart2000.com\/en\/wp-json\/wp\/v2\/users\/1"}],"replies":[{"embeddable":true,"href":"https:\/\/tradeart2000.com\/en\/wp-json\/wp\/v2\/comments?post=639"}],"version-history":[{"count":57,"href":"https:\/\/tradeart2000.com\/en\/wp-json\/wp\/v2\/pages\/639\/revisions"}],"predecessor-version":[{"id":4399,"href":"https:\/\/tradeart2000.com\/en\/wp-json\/wp\/v2\/pages\/639\/revisions\/4399"}],"wp:attachment":[{"href":"https:\/\/tradeart2000.com\/en\/wp-json\/wp\/v2\/media?parent=639"}],"curies":[{"name":"wp","href":"https:\/\/api.w.org\/{rel}","templated":true}]}}