{"id":662,"date":"2025-06-29T21:27:13","date_gmt":"2025-06-29T21:27:13","guid":{"rendered":"https:\/\/tradeart.strategiedigitali.net\/?page_id=662"},"modified":"2026-03-18T10:13:10","modified_gmt":"2026-03-18T10:13:10","slug":"testimonianze","status":"publish","type":"page","link":"https:\/\/tradeart2000.com\/en\/testimonianze\/","title":{"rendered":"Testimonials"},"content":{"rendered":"<div data-elementor-type=\"wp-page\" data-elementor-id=\"662\" class=\"elementor elementor-662\" data-elementor-post-type=\"page\">\n\t\t\t\t<div class=\"elementor-element elementor-element-71ef380 e-con-full e-flex e-con e-parent\" data-id=\"71ef380\" data-element_type=\"container\" data-e-type=\"container\">\n\t\t\t\t<div class=\"elementor-element elementor-element-9e51e1d elementor-widget elementor-widget-template\" data-id=\"9e51e1d\" data-element_type=\"widget\" data-e-type=\"widget\" data-widget_type=\"template.default\">\n\t\t\t\t<div class=\"elementor-widget-container\">\n\t\t\t\t\t\t\t<div class=\"elementor-template\">\n\t\t\t\t\t<div data-elementor-type=\"section\" data-elementor-id=\"1173\" class=\"elementor elementor-1173\" data-elementor-post-type=\"elementor_library\">\n\t\t\t<div class=\"elementor-element elementor-element-41d975e e-flex e-con-boxed e-con e-parent\" data-id=\"41d975e\" data-element_type=\"container\" data-e-type=\"container\" data-settings=\"{&quot;background_background&quot;:&quot;classic&quot;}\">\n\t\t\t\t\t<div class=\"e-con-inner\">\n\t\t\t\t\t<\/div>\n\t\t\t\t<\/div>\n\t\t\t\t<\/div>\n\t\t\t\t<\/div>\n\t\t\t\t\t\t<\/div>\n\t\t\t\t<\/div>\n\t\t\t\t<\/div>\n\t\t<div class=\"elementor-element elementor-element-f2ee3ba e-flex e-con-boxed e-con e-parent\" data-id=\"f2ee3ba\" data-element_type=\"container\" data-e-type=\"container\">\n\t\t\t\t\t<div class=\"e-con-inner\">\n\t\t<div class=\"elementor-element elementor-element-e2fef15 e-con-full e-flex e-con e-child\" data-id=\"e2fef15\" data-element_type=\"container\" data-e-type=\"container\" data-settings=\"{&quot;animation&quot;:&quot;none&quot;}\">\n\t\t<div class=\"elementor-element elementor-element-5498f5b e-con-full e-flex e-con e-child\" data-id=\"5498f5b\" data-element_type=\"container\" data-e-type=\"container\" data-settings=\"{&quot;background_background&quot;:&quot;classic&quot;}\">\n\t\t<div class=\"elementor-element elementor-element-7cde31e e-con-full e-flex e-con e-child\" data-id=\"7cde31e\" data-element_type=\"container\" data-e-type=\"container\">\n\t\t\t\t<div class=\"elementor-element elementor-element-25f91a1 elementor-view-default elementor-widget elementor-widget-icon\" data-id=\"25f91a1\" data-element_type=\"widget\" data-e-type=\"widget\" data-widget_type=\"icon.default\">\n\t\t\t\t\t\t\t<div class=\"elementor-icon-wrapper\">\n\t\t\t<div class=\"elementor-icon\">\n\t\t\t<i aria-hidden=\"true\" class=\"icon icon-quote2\"><\/i>\t\t\t<\/div>\n\t\t<\/div>\n\t\t\t\t\t\t<\/div>\n\t\t\t\t<div class=\"elementor-element elementor-element-2f41dae elementor-widget elementor-widget-text-editor\" data-id=\"2f41dae\" data-element_type=\"widget\" data-e-type=\"widget\" data-widget_type=\"text-editor.default\">\n\t\t\t\t\t\t\t\t\t<p class=\"p2\">Ho trovato in TradeArt un partner affidabile sia nella fornitura di apparecchiature diagnostiche che nel supporto tecnico. La loro conoscenza del settore \u00e8 evidente e sono sempre aggiornati sulle nuove tecnologie. Ottimo servizio!<\/p><p class=\"p2\"><em><strong>Studio medico Giove &#8211; Nettuno<br \/>Prof. Fabio Campodonico<\/strong><\/em><\/p>\t\t\t\t\t\t\t\t<\/div>\n\t\t\t\t<\/div>\n\t\t\t\t<\/div>\n\t\t<div class=\"elementor-element elementor-element-1f2ab27 e-con-full e-flex e-con e-child\" data-id=\"1f2ab27\" data-element_type=\"container\" data-e-type=\"container\" data-settings=\"{&quot;background_background&quot;:&quot;classic&quot;}\">\n\t\t<div class=\"elementor-element elementor-element-dbcde1c e-con-full e-flex e-con e-child\" data-id=\"dbcde1c\" data-element_type=\"container\" data-e-type=\"container\">\n\t\t\t\t<div class=\"elementor-element elementor-element-0e0a639 elementor-view-default elementor-widget elementor-widget-icon\" data-id=\"0e0a639\" data-element_type=\"widget\" data-e-type=\"widget\" data-widget_type=\"icon.default\">\n\t\t\t\t\t\t\t<div class=\"elementor-icon-wrapper\">\n\t\t\t<div class=\"elementor-icon\">\n\t\t\t<i aria-hidden=\"true\" class=\"icon icon-quote2\"><\/i>\t\t\t<\/div>\n\t\t<\/div>\n\t\t\t\t\t\t<\/div>\n\t\t\t\t<div class=\"elementor-element elementor-element-b53d84c elementor-widget elementor-widget-text-editor\" data-id=\"b53d84c\" data-element_type=\"widget\" data-e-type=\"widget\" data-widget_type=\"text-editor.default\">\n\t\t\t\t\t\t\t\t\t<p class=\"p2\">Trade Art si conferma un partner di assoluta affidabilit\u00e0 e competenza. L\u2019azienda offre apparecchiature altamente performanti, frutto di una continua ricerca e di un costante impegno nell\u2019innovazione tecnologica. Il suo team si distingue per la passione e la dedizione con cui opera, contribuendo in modo significativo al miglioramento delle prestazioni delle macchine.<\/p><p class=\"p2\">Un ulteriore punto di eccellenza \u00e8 rappresentato dal servizio di assistenza: un gruppo di professionisti qualificati, sempre disponibili e pronti a intervenire con tempestivit\u00e0 ed efficacia per garantire la piena soddisfazione del cliente.<\/p><p class=\"p2\">Trade Art \u00e8 sinonimo di qualit\u00e0, professionalit\u00e0 e attenzione costante alle esigenze del mercato.<\/p><p class=\"p2\"><em><strong>Centro Sa.Na \u2013 Aprilia<\/strong><\/em><\/p>\t\t\t\t\t\t\t\t<\/div>\n\t\t\t\t<\/div>\n\t\t\t\t<\/div>\n\t\t<div class=\"elementor-element elementor-element-216544c e-con-full e-flex e-con e-child\" data-id=\"216544c\" data-element_type=\"container\" data-e-type=\"container\" data-settings=\"{&quot;background_background&quot;:&quot;classic&quot;}\">\n\t\t<div class=\"elementor-element elementor-element-2436f5b e-con-full e-flex e-con e-child\" data-id=\"2436f5b\" data-element_type=\"container\" data-e-type=\"container\">\n\t\t\t\t<div class=\"elementor-element elementor-element-5ed40eb elementor-view-default elementor-widget elementor-widget-icon\" data-id=\"5ed40eb\" data-element_type=\"widget\" data-e-type=\"widget\" data-widget_type=\"icon.default\">\n\t\t\t\t\t\t\t<div class=\"elementor-icon-wrapper\">\n\t\t\t<div class=\"elementor-icon\">\n\t\t\t<i aria-hidden=\"true\" class=\"icon icon-quote2\"><\/i>\t\t\t<\/div>\n\t\t<\/div>\n\t\t\t\t\t\t<\/div>\n\t\t\t\t<div class=\"elementor-element elementor-element-6e71882 elementor-widget elementor-widget-text-editor\" data-id=\"6e71882\" data-element_type=\"widget\" data-e-type=\"widget\" data-widget_type=\"text-editor.default\">\n\t\t\t\t\t\t\t\t\t<p class=\"p1\">Da anni ci affidiamo a Trade Art per le attrezzature di diagnostica per immagini delle nostre cliniche romane. Oltre alla qualit\u00e0 dei prodotti, apprezziamo la puntualit\u00e0 nelle consegne e la competenza del team tecnico, sempre pronto a supportarci. Una partnership solida, che vogliamo continuare nel tempo<\/p><p class=\"p1\"><em><strong>Roberto Lo Cascio &#8211; Direttore Generale Mater Dei General Hospital e Direttore Operativo Paideia International Hospital<\/strong><\/em><\/p>\t\t\t\t\t\t\t\t<\/div>\n\t\t\t\t<\/div>\n\t\t\t\t<\/div>\n\t\t<div class=\"elementor-element elementor-element-3b7442d e-con-full e-flex e-con e-child\" data-id=\"3b7442d\" data-element_type=\"container\" data-e-type=\"container\" data-settings=\"{&quot;background_background&quot;:&quot;classic&quot;}\">\n\t\t<div class=\"elementor-element elementor-element-31fd72e e-con-full e-flex e-con e-child\" data-id=\"31fd72e\" data-element_type=\"container\" data-e-type=\"container\">\n\t\t\t\t<div class=\"elementor-element elementor-element-0686101 elementor-view-default elementor-widget elementor-widget-icon\" data-id=\"0686101\" data-element_type=\"widget\" data-e-type=\"widget\" data-widget_type=\"icon.default\">\n\t\t\t\t\t\t\t<div class=\"elementor-icon-wrapper\">\n\t\t\t<div class=\"elementor-icon\">\n\t\t\t<i aria-hidden=\"true\" class=\"icon icon-quote2\"><\/i>\t\t\t<\/div>\n\t\t<\/div>\n\t\t\t\t\t\t<\/div>\n\t\t\t\t<div class=\"elementor-element elementor-element-f387018 elementor-widget elementor-widget-text-editor\" data-id=\"f387018\" data-element_type=\"widget\" data-e-type=\"widget\" data-widget_type=\"text-editor.default\">\n\t\t\t\t\t\t\t\t\t<p class=\"p1\">Trade Art 2000 \u00e8 un&#8217;azienda che da molti anni ci fornisce apparecchiature di diagnostica per immagini, e relativa assistenza, di cui apprezziamo competenze tecniche e doti umane. L&#8217;area commerciale costituisce efficace interfaccia col cliente, capace di consigliare le pi\u00f9 appropriate soluzioni al caso di specie, senza tralasciare elevati standard qualitativi dei prodotti offerti.<\/p><p class=\"p1\"><em><strong>Claudio D\u2019Archivio \u2013 Fondatore e Direttore Scientifico \u2013 Gruppo Medico D\u2019Archivio<\/strong><\/em><\/p>\t\t\t\t\t\t\t\t<\/div>\n\t\t\t\t<\/div>\n\t\t\t\t<\/div>\n\t\t\t\t<\/div>\n\t\t<div class=\"elementor-element elementor-element-4508145 e-con-full e-flex e-con e-child\" data-id=\"4508145\" data-element_type=\"container\" data-e-type=\"container\" data-settings=\"{&quot;animation&quot;:&quot;none&quot;}\">\n\t\t<div class=\"elementor-element elementor-element-44e06df e-con-full e-flex e-con e-child\" data-id=\"44e06df\" data-element_type=\"container\" data-e-type=\"container\" data-settings=\"{&quot;background_background&quot;:&quot;classic&quot;}\">\n\t\t<div class=\"elementor-element elementor-element-ad5b535 e-con-full e-flex e-con e-child\" data-id=\"ad5b535\" data-element_type=\"container\" data-e-type=\"container\">\n\t\t\t\t<div class=\"elementor-element elementor-element-ab50448 elementor-view-default elementor-widget elementor-widget-icon\" data-id=\"ab50448\" data-element_type=\"widget\" data-e-type=\"widget\" data-widget_type=\"icon.default\">\n\t\t\t\t\t\t\t<div class=\"elementor-icon-wrapper\">\n\t\t\t<div class=\"elementor-icon\">\n\t\t\t<i aria-hidden=\"true\" class=\"icon icon-quote2\"><\/i>\t\t\t<\/div>\n\t\t<\/div>\n\t\t\t\t\t\t<\/div>\n\t\t\t\t<div class=\"elementor-element elementor-element-2c86845 elementor-widget elementor-widget-text-editor\" data-id=\"2c86845\" data-element_type=\"widget\" data-e-type=\"widget\" data-widget_type=\"text-editor.default\">\n\t\t\t\t\t\t\t\t\t<p class=\"p2\">Sono il titolare di un poliambulatorio privato ad impronta prevalentemente radiologica, ci siamo affidati alla Trade Art sin dalla progettazione del sito trovando un ambiente familiare e allo stesso tempo estremamente professionale. Abbiamo installato macchinari di prestigiosi brand e siamo stati seguiti passo dopo passo anche nella installazione. Attualmente abbiamo contrattualizzato la manutenzione e la garanzia full risk. Il servizio di post vendita \u00e8 pronto ed efficiente, gli interventi puntuali e il personale gentile ed educato. Consiglio vivamente!<\/p><p class=\"p1\"><em><strong>CMC Clinical Medical Consulting Srl \u2013 Roma &#8211; Dr. Cristiano Turchetti<\/strong><\/em><\/p>\t\t\t\t\t\t\t\t<\/div>\n\t\t\t\t<\/div>\n\t\t\t\t<\/div>\n\t\t<div class=\"elementor-element elementor-element-f05f6b0 e-con-full e-flex e-con e-child\" data-id=\"f05f6b0\" data-element_type=\"container\" data-e-type=\"container\" data-settings=\"{&quot;background_background&quot;:&quot;classic&quot;}\">\n\t\t<div class=\"elementor-element elementor-element-c93c196 e-con-full e-flex e-con e-child\" data-id=\"c93c196\" data-element_type=\"container\" data-e-type=\"container\">\n\t\t\t\t<div class=\"elementor-element elementor-element-2a00bc2 elementor-view-default elementor-widget elementor-widget-icon\" data-id=\"2a00bc2\" data-element_type=\"widget\" data-e-type=\"widget\" data-widget_type=\"icon.default\">\n\t\t\t\t\t\t\t<div class=\"elementor-icon-wrapper\">\n\t\t\t<div class=\"elementor-icon\">\n\t\t\t<i aria-hidden=\"true\" class=\"icon icon-quote2\"><\/i>\t\t\t<\/div>\n\t\t<\/div>\n\t\t\t\t\t\t<\/div>\n\t\t\t\t<div class=\"elementor-element elementor-element-f9513c3 elementor-widget elementor-widget-text-editor\" data-id=\"f9513c3\" data-element_type=\"widget\" data-e-type=\"widget\" data-widget_type=\"text-editor.default\">\n\t\t\t\t\t\t\t\t\t<p class=\"p1\">Collaboriamo con Trade Art da anni per la fornitura di dispositivi diagnostici. Prodotti sempre affidabili, consegne puntuali e un servizio clienti disponibile e competente. Il team tecnico \u00e8 rapido nelle risposte e sempre pronto a intervenire in caso di necessit\u00e0.<\/p><p><strong>Centro Radiodiagnostico Barbieri &#8211; Roma &#8211; Dr. Stefano Tardioli<\/strong><\/p>\t\t\t\t\t\t\t\t<\/div>\n\t\t\t\t<\/div>\n\t\t\t\t<\/div>\n\t\t<div class=\"elementor-element elementor-element-421e078 e-con-full e-flex e-con e-child\" data-id=\"421e078\" data-element_type=\"container\" data-e-type=\"container\" data-settings=\"{&quot;background_background&quot;:&quot;classic&quot;}\">\n\t\t<div class=\"elementor-element elementor-element-bf3e41b e-con-full e-flex e-con e-child\" data-id=\"bf3e41b\" data-element_type=\"container\" data-e-type=\"container\">\n\t\t\t\t<div class=\"elementor-element elementor-element-5185c95 elementor-view-default elementor-widget elementor-widget-icon\" data-id=\"5185c95\" data-element_type=\"widget\" data-e-type=\"widget\" data-widget_type=\"icon.default\">\n\t\t\t\t\t\t\t<div class=\"elementor-icon-wrapper\">\n\t\t\t<div class=\"elementor-icon\">\n\t\t\t<i aria-hidden=\"true\" class=\"icon icon-quote2\"><\/i>\t\t\t<\/div>\n\t\t<\/div>\n\t\t\t\t\t\t<\/div>\n\t\t\t\t<div class=\"elementor-element elementor-element-6a4a6b0 elementor-widget elementor-widget-text-editor\" data-id=\"6a4a6b0\" data-element_type=\"widget\" data-e-type=\"widget\" data-widget_type=\"text-editor.default\">\n\t\t\t\t\t\t\t\t\t<p class=\"p2\">Da oltre quindici anni rinnoviamo con fiducia la collaborazione con Trade Art, nostro riferimento per la fornitura e l\u2019assistenza delle apparecchiature radiologiche.Le loro soluzioni si sono sempre distinte per affidabilit\u00e0, qualit\u00e0 e competitivit\u00e0, confermandosi nel tempo la scelta pi\u00f9 solida e coerente con i nostri standard.<\/p><p class=\"p2\">L\u2019assistenza tecnica, puntuale e altamente professionale, si distingue tanto negli interventi programmati quanto nella gestione tempestiva delle urgenze.Un ringraziamento particolare alla forza vendite, per la costante disponibilit\u00e0, la competenza e l\u2019attenzione con cui ci accompagna nella scelta di soluzioni pi\u00f9 adatte alle nostre esigenze.<\/p><p class=\"p2\">For us, Trade Art represents a serious, competent, and fully trustworthy partner.<\/p><p class=\"p1\"><em><strong>Laboratorio Analisi Cliniche G. Alessandrini &#8211; Roma &#8211; Dott. Alessio Tanfani<\/strong><\/em><\/p>\t\t\t\t\t\t\t\t<\/div>\n\t\t\t\t<\/div>\n\t\t\t\t<\/div>\n\t\t\t\t<\/div>\n\t\t\t\t\t<\/div>\n\t\t\t\t<\/div>\n\t\t<div class=\"elementor-element elementor-element-99abf2b e-con-full e-flex e-con e-parent\" data-id=\"99abf2b\" data-element_type=\"container\" data-e-type=\"container\" data-settings=\"{&quot;background_background&quot;:&quot;classic&quot;}\">\n\t\t<div class=\"elementor-element elementor-element-99f1561 e-con-full e-flex e-con e-child\" data-id=\"99f1561\" data-element_type=\"container\" data-e-type=\"container\" data-settings=\"{&quot;background_background&quot;:&quot;classic&quot;}\">\n\t\t\t\t<div class=\"elementor-element elementor-element-35a0b39 elementor-widget elementor-widget-elementskit-heading\" data-id=\"35a0b39\" data-element_type=\"widget\" data-e-type=\"widget\" data-widget_type=\"elementskit-heading.default\">\n\t\t\t\t\t<div class=\"ekit-wid-con\" ><div class=\"ekit-heading elementskit-section-title-wraper text_center   ekit_heading_tablet-text_center   ekit_heading_mobile-\"><h3 class=\"ekit-heading--title elementskit-section-title\">Our Numbers<\/h3><\/div><\/div>\t\t\t\t<\/div>\n\t\t\t\t<\/div>\n\t\t<div class=\"elementor-element elementor-element-718e79c e-con-full e-flex e-con e-child\" data-id=\"718e79c\" data-element_type=\"container\" data-e-type=\"container\" data-settings=\"{&quot;background_background&quot;:&quot;classic&quot;}\">\n\t\t<div class=\"elementor-element elementor-element-6200951 e-con-full e-flex e-con e-child\" data-id=\"6200951\" data-element_type=\"container\" data-e-type=\"container\">\n\t\t\t\t<div class=\"elementor-element elementor-element-b59d274 elementor-widget elementor-widget-counter\" data-id=\"b59d274\" data-element_type=\"widget\" data-e-type=\"widget\" data-widget_type=\"counter.default\">\n\t\t\t\t\t\t\t<div class=\"elementor-counter\">\n\t\t\t\t\t\t<div class=\"elementor-counter-number-wrapper\">\n\t\t\t\t<span class=\"elementor-counter-number-prefix\"><\/span>\n\t\t\t\t<span class=\"elementor-counter-number\" data-duration=\"2000\" data-to-value=\"30\" data-from-value=\"0\" data-delimiter=\".\">0<\/span>\n\t\t\t\t<span class=\"elementor-counter-number-suffix\">+<\/span>\n\t\t\t<\/div>\n\t\t<\/div>\n\t\t\t\t\t\t<\/div>\n\t\t\t\t<div class=\"elementor-element elementor-element-12827b8 elementor-widget elementor-widget-heading\" data-id=\"12827b8\" data-element_type=\"widget\" data-e-type=\"widget\" data-widget_type=\"heading.default\">\n\t\t\t\t\t<h6 class=\"elementor-heading-title elementor-size-default\">Years of Experience<\/h6>\t\t\t\t<\/div>\n\t\t\t\t<\/div>\n\t\t<div class=\"elementor-element elementor-element-21ed330 e-con-full e-flex e-con e-child\" data-id=\"21ed330\" data-element_type=\"container\" data-e-type=\"container\">\n\t\t\t\t<div class=\"elementor-element elementor-element-a629e72 elementor-widget elementor-widget-counter\" data-id=\"a629e72\" data-element_type=\"widget\" data-e-type=\"widget\" data-widget_type=\"counter.default\">\n\t\t\t\t\t\t\t<div class=\"elementor-counter\">\n\t\t\t\t\t\t<div class=\"elementor-counter-number-wrapper\">\n\t\t\t\t<span class=\"elementor-counter-number-prefix\"><\/span>\n\t\t\t\t<span class=\"elementor-counter-number\" data-duration=\"2000\" data-to-value=\"1000\" data-from-value=\"0\" data-delimiter=\".\">0<\/span>\n\t\t\t\t<span class=\"elementor-counter-number-suffix\">+<\/span>\n\t\t\t<\/div>\n\t\t<\/div>\n\t\t\t\t\t\t<\/div>\n\t\t\t\t<div class=\"elementor-element elementor-element-bf045a7 elementor-widget elementor-widget-heading\" data-id=\"bf045a7\" data-element_type=\"widget\" data-e-type=\"widget\" data-widget_type=\"heading.default\">\n\t\t\t\t\t<h6 class=\"elementor-heading-title elementor-size-default\">Active Clients<\/h6>\t\t\t\t<\/div>\n\t\t\t\t<\/div>\n\t\t<div class=\"elementor-element elementor-element-ca4b79a e-con-full e-flex e-con e-child\" data-id=\"ca4b79a\" data-element_type=\"container\" data-e-type=\"container\">\n\t\t\t\t<div class=\"elementor-element elementor-element-e8bca33 elementor-widget elementor-widget-counter\" data-id=\"e8bca33\" data-element_type=\"widget\" data-e-type=\"widget\" data-widget_type=\"counter.default\">\n\t\t\t\t\t\t\t<div class=\"elementor-counter\">\n\t\t\t\t\t\t<div class=\"elementor-counter-number-wrapper\">\n\t\t\t\t<span class=\"elementor-counter-number-prefix\"><\/span>\n\t\t\t\t<span class=\"elementor-counter-number\" data-duration=\"2000\" data-to-value=\"5000\" data-from-value=\"0\" data-delimiter=\".\">0<\/span>\n\t\t\t\t<span class=\"elementor-counter-number-suffix\">+<\/span>\n\t\t\t<\/div>\n\t\t<\/div>\n\t\t\t\t\t\t<\/div>\n\t\t\t\t<div class=\"elementor-element elementor-element-7d8b1ab elementor-widget elementor-widget-heading\" data-id=\"7d8b1ab\" data-element_type=\"widget\" data-e-type=\"widget\" data-widget_type=\"heading.default\">\n\t\t\t\t\t<h6 class=\"elementor-heading-title elementor-size-default\">Installations Worldwide<\/h6>\t\t\t\t<\/div>\n\t\t\t\t<\/div>\n\t\t<div class=\"elementor-element elementor-element-037efb2 e-con-full e-flex e-con e-child\" data-id=\"037efb2\" data-element_type=\"container\" data-e-type=\"container\">\n\t\t\t\t<div class=\"elementor-element elementor-element-14f962d elementor-widget elementor-widget-counter\" data-id=\"14f962d\" data-element_type=\"widget\" data-e-type=\"widget\" data-widget_type=\"counter.default\">\n\t\t\t\t\t\t\t<div class=\"elementor-counter\">\n\t\t\t\t\t\t<div class=\"elementor-counter-number-wrapper\">\n\t\t\t\t<span class=\"elementor-counter-number-prefix\"><\/span>\n\t\t\t\t<span class=\"elementor-counter-number\" data-duration=\"2000\" data-to-value=\"40\" data-from-value=\"0\" data-delimiter=\".\">0<\/span>\n\t\t\t\t<span class=\"elementor-counter-number-suffix\">+<\/span>\n\t\t\t<\/div>\n\t\t<\/div>\n\t\t\t\t\t\t<\/div>\n\t\t\t\t<div class=\"elementor-element elementor-element-e2d705e elementor-widget elementor-widget-heading\" data-id=\"e2d705e\" data-element_type=\"widget\" data-e-type=\"widget\" data-widget_type=\"heading.default\">\n\t\t\t\t\t<h6 class=\"elementor-heading-title elementor-size-default\">Global Partners<\/h6>\t\t\t\t<\/div>\n\t\t\t\t<\/div>\n\t\t\t\t<\/div>\n\t\t\t\t<\/div>\n\t\t\t\t<\/div>","protected":false},"excerpt":{"rendered":"<p>Ho trovato in TradeArt un partner affidabile sia nella fornitura di apparecchiature diagnostiche che nel supporto tecnico. La loro conoscenza del settore \u00e8 evidente e sono sempre aggiornati sulle nuove tecnologie. Ottimo servizio! Studio medico Giove &#8211; NettunoProf. Fabio Campodonico Trade Art si conferma un partner di assoluta affidabilit\u00e0 e competenza. L\u2019azienda offre apparecchiature altamente [&hellip;]<\/p>\n","protected":false},"author":1,"featured_media":0,"parent":0,"menu_order":0,"comment_status":"closed","ping_status":"closed","template":"","meta":{"_acf_changed":false,"footnotes":""},"class_list":["post-662","page","type-page","status-publish","hentry"],"acf":[],"_links":{"self":[{"href":"https:\/\/tradeart2000.com\/en\/wp-json\/wp\/v2\/pages\/662","targetHints":{"allow":["GET"]}}],"collection":[{"href":"https:\/\/tradeart2000.com\/en\/wp-json\/wp\/v2\/pages"}],"about":[{"href":"https:\/\/tradeart2000.com\/en\/wp-json\/wp\/v2\/types\/page"}],"author":[{"embeddable":true,"href":"https:\/\/tradeart2000.com\/en\/wp-json\/wp\/v2\/users\/1"}],"replies":[{"embeddable":true,"href":"https:\/\/tradeart2000.com\/en\/wp-json\/wp\/v2\/comments?post=662"}],"version-history":[{"count":66,"href":"https:\/\/tradeart2000.com\/en\/wp-json\/wp\/v2\/pages\/662\/revisions"}],"predecessor-version":[{"id":4449,"href":"https:\/\/tradeart2000.com\/en\/wp-json\/wp\/v2\/pages\/662\/revisions\/4449"}],"wp:attachment":[{"href":"https:\/\/tradeart2000.com\/en\/wp-json\/wp\/v2\/media?parent=662"}],"curies":[{"name":"wp","href":"https:\/\/api.w.org\/{rel}","templated":true}]}}