{"id":1053,"date":"2025-06-30T12:00:41","date_gmt":"2025-06-30T12:00:41","guid":{"rendered":"https:\/\/tradeart.strategiedigitali.net\/?post_type=product&#038;p=1053"},"modified":"2026-01-20T09:51:12","modified_gmt":"2026-01-20T09:51:12","slug":"bloomix-120-e-m","status":"publish","type":"product","link":"https:\/\/tradeart2000.com\/en\/product\/bloomix-120-e-m\/","title":{"rendered":"Bloomix 120 E-M"},"content":{"rendered":"<p><img loading=\"lazy\" decoding=\"async\" class=\"alignnone wp-image-3206 size-medium\" src=\"https:\/\/tradeart2000.com\/wp-content\/uploads\/2025\/06\/Bloomix-120-Logo-300x201.png\" alt=\"\" width=\"300\" height=\"201\" srcset=\"https:\/\/tradeart2000.com\/wp-content\/uploads\/2025\/06\/Bloomix-120-Logo-300x201.png 300w, https:\/\/tradeart2000.com\/wp-content\/uploads\/2025\/06\/Bloomix-120-Logo-18x12.png 18w, https:\/\/tradeart2000.com\/wp-content\/uploads\/2025\/06\/Bloomix-120-Logo-64x43.png 64w, https:\/\/tradeart2000.com\/wp-content\/uploads\/2025\/06\/Bloomix-120-Logo.png 550w\" sizes=\"auto, (max-width: 300px) 100vw, 300px\" \/><\/p>\n<p>Il Bloomix 120 E-M \u00e8 un sistema di ultima generazione, pensato per offrire versatilit\u00e0, precisione e qualit\u00e0 d&#8217;immagine nelle applicazioni ortopediche, diagnostiche e posturali.<\/p>\n<p class=\"translation-block\">The system enables automated stitching to generate extended images up to 123 \u00d7 43 cm with seamless continuity, without requiring patient repositioning.<\/p>\n<p>Key Technical Features<\/p>\n<ul>\n<li class=\"translation-block\">Extended acquisition area: 43 \u00d7 43\u202fcm (single shot) \/ up to 123 \u00d7 43\u202fcm (with stitching)<\/li>\n<li>Movimenti motorizzati verticali di detettore e pedana per adattarsi alla statura del paziente e all\u2019anatomia da esaminare<\/li>\n<li>Integrated anti-scatter grid to maximize radiographic contrast<\/li>\n<li>Ideal for standing and weight-bearing examinations thanks to the dedicated footboard<\/li>\n<\/ul>\n<p>Bloomix 120 E-M \u00e8 integrabile con sistema di intelligenza artificiale per l\u2019imaging medico, che automatizza le misurazioni, ottimizza il flusso di lavoro e riduce al minimo il rischio di errore.<\/p>","protected":false},"excerpt":{"rendered":"<p><img loading=\"lazy\" decoding=\"async\" class=\"alignnone wp-image-3206 size-medium\" src=\"https:\/\/tradeart2000.com\/wp-content\/uploads\/2025\/06\/Bloomix-120-Logo-300x201.png\" alt=\"\" width=\"300\" height=\"201\" srcset=\"https:\/\/tradeart2000.com\/wp-content\/uploads\/2025\/06\/Bloomix-120-Logo-300x201.png 300w, https:\/\/tradeart2000.com\/wp-content\/uploads\/2025\/06\/Bloomix-120-Logo-18x12.png 18w, https:\/\/tradeart2000.com\/wp-content\/uploads\/2025\/06\/Bloomix-120-Logo-64x43.png 64w, https:\/\/tradeart2000.com\/wp-content\/uploads\/2025\/06\/Bloomix-120-Logo.png 550w\" sizes=\"auto, (max-width: 300px) 100vw, 300px\" \/><\/p>\n<p>Bloomix 120 E-M \u00e8 il teleradiografo di ultima generazione con area attiva 43&#215;43 cm. Il supporto motorizzato per detettore 43&#215;43 cm facilita l\u2019esecuzione di esami di lungo formato per lo studio di segmenti anatomici, quali la colonna vertebrale o gli arti inferiori sotto carico. Ci\u00f2 \u00e8 reso possibile grazie al movimento motorizzato del supporto, secondo posizioni predefinite che facilitano lo stitching delle singole immagini acquisite.<\/p>","protected":false},"featured_media":3659,"template":"","meta":{"_acf_changed":false,"wds_primary_product_brand":0,"wds_primary_product_cat":0,"wds_primary_yith_product_brand":0},"product_brand":[],"product_cat":[235,242],"product_tag":[],"class_list":{"0":"post-1053","1":"product","2":"type-product","3":"status-publish","4":"has-post-thumbnail","6":"product_cat-radiologia-generale","7":"product_cat-teleradiografi","8":"yith_product_brand-trade-art","10":"first","11":"instock","12":"shipping-taxable","13":"product-type-simple"},"acf":[],"_links":{"self":[{"href":"https:\/\/tradeart2000.com\/en\/wp-json\/wp\/v2\/product\/1053","targetHints":{"allow":["GET"]}}],"collection":[{"href":"https:\/\/tradeart2000.com\/en\/wp-json\/wp\/v2\/product"}],"about":[{"href":"https:\/\/tradeart2000.com\/en\/wp-json\/wp\/v2\/types\/product"}],"wp:featuredmedia":[{"embeddable":true,"href":"https:\/\/tradeart2000.com\/en\/wp-json\/wp\/v2\/media\/3659"}],"wp:attachment":[{"href":"https:\/\/tradeart2000.com\/en\/wp-json\/wp\/v2\/media?parent=1053"}],"wp:term":[{"taxonomy":"product_brand","embeddable":true,"href":"https:\/\/tradeart2000.com\/en\/wp-json\/wp\/v2\/product_brand?post=1053"},{"taxonomy":"product_cat","embeddable":true,"href":"https:\/\/tradeart2000.com\/en\/wp-json\/wp\/v2\/product_cat?post=1053"},{"taxonomy":"product_tag","embeddable":true,"href":"https:\/\/tradeart2000.com\/en\/wp-json\/wp\/v2\/product_tag?post=1053"}],"curies":[{"name":"wp","href":"https:\/\/api.w.org\/{rel}","templated":true}]}}