{"id":1054,"date":"2025-06-30T12:01:50","date_gmt":"2025-06-30T12:01:50","guid":{"rendered":"https:\/\/tradeart.strategiedigitali.net\/?post_type=product&#038;p=1054"},"modified":"2026-02-18T16:47:41","modified_gmt":"2026-02-18T16:47:41","slug":"bloomix-120-e-dr-s","status":"publish","type":"product","link":"https:\/\/tradeart2000.com\/en\/product\/bloomix-120-e-dr-s\/","title":{"rendered":"Bloomix 120 E-DR S"},"content":{"rendered":"<p><img loading=\"lazy\" decoding=\"async\" class=\"alignnone wp-image-4148 size-medium\" src=\"https:\/\/tradeart2000.com\/wp-content\/uploads\/2025\/06\/Bloomix-S-DEF-New-Rosso-300x131.png\" alt=\"\" width=\"300\" height=\"131\" srcset=\"https:\/\/tradeart2000.com\/wp-content\/uploads\/2025\/06\/Bloomix-S-DEF-New-Rosso-300x131.png 300w, https:\/\/tradeart2000.com\/wp-content\/uploads\/2025\/06\/Bloomix-S-DEF-New-Rosso-64x28.png 64w, https:\/\/tradeart2000.com\/wp-content\/uploads\/2025\/06\/Bloomix-S-DEF-New-Rosso.png 569w\" sizes=\"auto, (max-width: 300px) 100vw, 300px\" \/><\/p>\n<p>Il Bloomix 120 E-DR S \u00e8 un teleradiografo digitale di nuova generazione, progettato per offrire prestazioni elevate, immagini di qualit\u00e0 superiore e massima ergonomia in un\u2019unica soluzione compatta.<\/p>\n<p>Equipped with a direct digital flat-panel detector with a maximum active area of 120 \u00d7 43 cm, it delivers spatial resolution up to 3.6 lp\/mm and fast image preview (within 8 seconds) thanks to the One Shot acquisition system.<\/p>\n<p>Pensato per semplificare il flusso di lavoro, integra potter e pedana motorizzati, una griglia antidiffusione e un software di acquisizione dedicato. Il sistema include un\u2019AWS con monitor LCD da 23\u201d, completa di funzioni DICOM (print, storage e worklist).<\/p>\n<p>Bloomix 120 E-DR S \u00e8 integrabile con sistema di intelligenza artificiale per l\u2019imaging medico, che automatizza le misurazioni, ottimizza il flusso di lavoro e riduce al minimo il rischio di errore.<\/p>\n<p>Available Accessories:<\/p>\n<ul>\n<li>Arm support<\/li>\n<li>Restraint strap<\/li>\n<li>Flat panel stand for weight-bearing feet<\/li>\n<li>DICOM roll printer<\/li>\n<li>UPS<\/li>\n<\/ul>\n<p>Grazie alla sua struttura compatta e alla dotazione tecnologica completa, Bloomix 120 E-DR S \u00e8 la scelta ideale per centri diagnostici che cercano precisione, velocit\u00e0 e affidabilit\u00e0.<\/p>","protected":false},"excerpt":{"rendered":"<p><img loading=\"lazy\" decoding=\"async\" class=\"alignnone wp-image-4148 size-medium\" src=\"https:\/\/tradeart2000.com\/wp-content\/uploads\/2025\/06\/Bloomix-S-DEF-New-Rosso-300x131.png\" alt=\"\" width=\"300\" height=\"131\" srcset=\"https:\/\/tradeart2000.com\/wp-content\/uploads\/2025\/06\/Bloomix-S-DEF-New-Rosso-300x131.png 300w, https:\/\/tradeart2000.com\/wp-content\/uploads\/2025\/06\/Bloomix-S-DEF-New-Rosso-64x28.png 64w, https:\/\/tradeart2000.com\/wp-content\/uploads\/2025\/06\/Bloomix-S-DEF-New-Rosso.png 569w\" sizes=\"auto, (max-width: 300px) 100vw, 300px\" \/><\/p>\n<p>Bloomix 120 E-DR S \u00e8 un teleradiografo digitale di ultima generazione dotato di flat panel digitale diretto con ampia area attive ed alta risoluzione. Grazie alla combinazione tra tecnologia avanzata, automazione e design compatto, offre immagini di alta qualit\u00e0 in tempi rapidi, migliorando l\u2019efficienza diagnostica e il comfort del paziente.<\/p>","protected":false},"featured_media":3216,"template":"","meta":{"_acf_changed":false,"wds_primary_product_brand":0,"wds_primary_product_cat":0,"wds_primary_yith_product_brand":0},"product_brand":[],"product_cat":[235,242],"product_tag":[],"class_list":{"0":"post-1054","1":"product","2":"type-product","3":"status-publish","4":"has-post-thumbnail","6":"product_cat-radiologia-generale","7":"product_cat-teleradiografi","8":"yith_product_brand-trade-art","10":"first","11":"instock","12":"shipping-taxable","13":"product-type-simple"},"acf":[],"_links":{"self":[{"href":"https:\/\/tradeart2000.com\/en\/wp-json\/wp\/v2\/product\/1054","targetHints":{"allow":["GET"]}}],"collection":[{"href":"https:\/\/tradeart2000.com\/en\/wp-json\/wp\/v2\/product"}],"about":[{"href":"https:\/\/tradeart2000.com\/en\/wp-json\/wp\/v2\/types\/product"}],"wp:featuredmedia":[{"embeddable":true,"href":"https:\/\/tradeart2000.com\/en\/wp-json\/wp\/v2\/media\/3216"}],"wp:attachment":[{"href":"https:\/\/tradeart2000.com\/en\/wp-json\/wp\/v2\/media?parent=1054"}],"wp:term":[{"taxonomy":"product_brand","embeddable":true,"href":"https:\/\/tradeart2000.com\/en\/wp-json\/wp\/v2\/product_brand?post=1054"},{"taxonomy":"product_cat","embeddable":true,"href":"https:\/\/tradeart2000.com\/en\/wp-json\/wp\/v2\/product_cat?post=1054"},{"taxonomy":"product_tag","embeddable":true,"href":"https:\/\/tradeart2000.com\/en\/wp-json\/wp\/v2\/product_tag?post=1054"}],"curies":[{"name":"wp","href":"https:\/\/api.w.org\/{rel}","templated":true}]}}