{"id":1058,"date":"2025-06-30T12:06:07","date_gmt":"2025-06-30T12:06:07","guid":{"rendered":"https:\/\/tradeart.strategiedigitali.net\/?post_type=product&#038;p=1058"},"modified":"2025-12-13T15:33:56","modified_gmt":"2025-12-13T15:33:56","slug":"apollo-drf-apollo-ez-drf","status":"publish","type":"product","link":"https:\/\/tradeart2000.com\/en\/product\/apollo-drf-apollo-ez-drf\/","title":{"rendered":"Apollo DRF \/ Apollo EZ DRF"},"content":{"rendered":"<p>Apollo DRF \u00e8 il tavolo telecomandato di Villa Sistemi Medicali che permette di ottenere il meglio dalla sala R\/F. Il ribaltamento di 90\u00b0 in entrambe le direzioni ne permette l\u2019installazione in diverse configurazioni nella sala diagnostica, mentre l\u2019ampia escursione del gruppo tubo-seriografo consente la completa esplorazione del paziente senza rendere necessaria la mobilitazione longitudinale del piano, garantendo cos\u00ec rapido posizionamento e massimo comfort. La versatilit\u00e0 del sistema \u00e8 garantita dalla possibilit\u00e0 di effettuare gli studi del torace direttamente sul telecomandato tramite l\u2019estensione della distanza fuoco film (DFF) fino a 180 cm, e da un accesso agevolato per il paziente barellato grazie alla superficie liscia del piano d\u2019esame e alla regolazione dell\u2019altezza rispetto al suolo. In aggiunta, la portata massima di 284 kg rende la struttura robusta ed affidabile.<\/p>\n<p>Apollo DRF \u00e8 inoltre disponibile nella versione Open con barella a sbalzo in fibra di carbonio, permettendo accessibilit\u00e0 completa al paziente da ogni lato e quindi un accesso rapido e diretto dell\u2019operatore nel massimo del comfort e della sicurezza.<\/p>\n<p>Apollo EZ DRF sfrutta la sua struttura meccanica compatta per superare i limiti di installazione correlati ad una sala diagnostica ristretta. Il tavolo \u00e8 disponibile nella versione con movimentazione trasversale del piano porta paziente a 2 vie, per una compattezza massima, o nella versione con movimentazione del piano a 4 vie, per una completa esplorazione del paziente. L\u2019inclinazione motorizzata della colonna porta tubo e la distanza fuoco film (DFF) fino a 180 cm ne garantiscono la grande flessibilit\u00e0 applicativa.<\/p>\n<p>Apollo DRF e Apollo EZ DRF sono disponibili con sistema di posizionamento del paziente mediante microcamera. Il sistema Multi Grid semplifica ulteriormente il flusso di lavoro, selezionando la griglia anti-diffusione pi\u00f9 adatta in base alla distanza fuoco-detettore scelta. Infine, la procedura automatica di Stitching permette lo studio di settori anatomici estesi tramite un processo automatico di acquisizione di pi\u00f9 esposizioni e loro unione in un\u2019unica immagine.<\/p>","protected":false},"excerpt":{"rendered":"<p>Apollo DRF e Apollo EZ DRF sono tavoli radiologici telecomandati versatili e compatti, ideali per sale R\/F di ogni dimensione. Offrono alta qualit\u00e0 d\u2019immagine, accessibilit\u00e0 totale e funzionalit\u00e0 avanzate.<\/p>","protected":false},"featured_media":3270,"template":"","meta":{"_acf_changed":false,"wds_primary_product_brand":0,"wds_primary_product_cat":0,"wds_primary_yith_product_brand":0},"product_brand":[],"product_cat":[235,238],"product_tag":[],"class_list":{"0":"post-1058","1":"product","2":"type-product","3":"status-publish","4":"has-post-thumbnail","6":"product_cat-radiologia-generale","7":"product_cat-tavoli-telecomandati","8":"yith_product_brand-villa-sistemi-medicali","10":"first","11":"instock","12":"shipping-taxable","13":"product-type-simple"},"acf":[],"_links":{"self":[{"href":"https:\/\/tradeart2000.com\/en\/wp-json\/wp\/v2\/product\/1058","targetHints":{"allow":["GET"]}}],"collection":[{"href":"https:\/\/tradeart2000.com\/en\/wp-json\/wp\/v2\/product"}],"about":[{"href":"https:\/\/tradeart2000.com\/en\/wp-json\/wp\/v2\/types\/product"}],"wp:featuredmedia":[{"embeddable":true,"href":"https:\/\/tradeart2000.com\/en\/wp-json\/wp\/v2\/media\/3270"}],"wp:attachment":[{"href":"https:\/\/tradeart2000.com\/en\/wp-json\/wp\/v2\/media?parent=1058"}],"wp:term":[{"taxonomy":"product_brand","embeddable":true,"href":"https:\/\/tradeart2000.com\/en\/wp-json\/wp\/v2\/product_brand?post=1058"},{"taxonomy":"product_cat","embeddable":true,"href":"https:\/\/tradeart2000.com\/en\/wp-json\/wp\/v2\/product_cat?post=1058"},{"taxonomy":"product_tag","embeddable":true,"href":"https:\/\/tradeart2000.com\/en\/wp-json\/wp\/v2\/product_tag?post=1058"}],"curies":[{"name":"wp","href":"https:\/\/api.w.org\/{rel}","templated":true}]}}