{"id":1060,"date":"2025-06-30T12:06:47","date_gmt":"2025-06-30T12:06:47","guid":{"rendered":"https:\/\/tradeart.strategiedigitali.net\/?post_type=product&#038;p=1060"},"modified":"2025-12-18T15:08:08","modified_gmt":"2025-12-18T15:08:08","slug":"moviplan-ic","status":"publish","type":"product","link":"https:\/\/tradeart2000.com\/en\/product\/moviplan-ic\/","title":{"rendered":"Moviplan iC"},"content":{"rendered":"<p>Moviplan iC \u00e8 un sistema radiografico flessibile e multifunzionale che pu\u00f2 operare sia in modalit\u00e0 analogica sia digitale (DR), pensato per centri radiologici che vogliono migliorare efficienza e qualit\u00e0 diagnostica.<\/p>\n<p>Caratteristiche principali:<\/p>\n<ul>\n<li>Modularit\u00e0: pu\u00f2 essere configurato con colonna a pavimento o stativo a soffitto; tavolo fisso o elevabile; detettori digitali portatili o fissi; stand per torace fissi o inclinabili.<\/li>\n<li>Usabilit\u00e0 \/ Ergonomia: comandi semplici tramite display touch screen da circa 8\u201d posizionato vicino al tubo radiogeno; sistema che sblocca i movimenti del tavolo tramite fotocellule (barriera luminosa) per evitare pedaliera tradizionale; superfici lisce del tavolo per facilitare il trasferimento del paziente; LED che aiutano nel controllo nelle versioni elevabili.<\/li>\n<li>Design funzionale e sicurezza: assenza di cavi a vista; se usata la colonna a pavimento, rotaie basse senza gradini; possibilit\u00e0 di replicare i controlli del tavolo su entrambi i lati (nella versione con stativo pensile) per maggiore accessibilit\u00e0.<\/li>\n<li>Funzionalit\u00e0 digitali avanzate (nella versione DR): software DROC per acquisizione digitale che semplifica il workflow con programmi anatomici preimpostati, algoritmi di post-elaborazione, integrazione DICOM\/HIS\/RIS\/PACS; supporto per funzioni come auto-positioning, auto-tracking, tomografia elettronica, stitching per unire pi\u00f9 esposizioni.<\/li>\n<li>Adattabilit\u00e0 per dimensione e budget: versioni entry-level con funzionalit\u00e0 base, tavolo ad altezza fissa, display LCD semplificato; versioni evolute con display touch screen, detettori digitali, tavolo elevabile, movimenti motorizzati.<\/li>\n<\/ul>","protected":false},"excerpt":{"rendered":"<p>Moviplan iC \u00e8 una sala radiografica modulare di nuova generazione, analogica o digitale, progettata per massimizzare la produttivit\u00e0 grazie a usabilit\u00e0 intuitiva, funzioni automatiche e configurazioni personalizzabili.<\/p>","protected":false},"featured_media":3673,"template":"","meta":{"_acf_changed":false,"wds_primary_product_brand":0,"wds_primary_product_cat":0,"wds_primary_yith_product_brand":0},"product_brand":[],"product_cat":[235,237],"product_tag":[],"class_list":{"0":"post-1060","1":"product","2":"type-product","3":"status-publish","4":"has-post-thumbnail","6":"product_cat-radiologia-generale","7":"product_cat-tavoli-polifunzionali","8":"yith_product_brand-villa-sistemi-medicali","10":"first","11":"instock","12":"shipping-taxable","13":"product-type-simple"},"acf":[],"_links":{"self":[{"href":"https:\/\/tradeart2000.com\/en\/wp-json\/wp\/v2\/product\/1060","targetHints":{"allow":["GET"]}}],"collection":[{"href":"https:\/\/tradeart2000.com\/en\/wp-json\/wp\/v2\/product"}],"about":[{"href":"https:\/\/tradeart2000.com\/en\/wp-json\/wp\/v2\/types\/product"}],"wp:featuredmedia":[{"embeddable":true,"href":"https:\/\/tradeart2000.com\/en\/wp-json\/wp\/v2\/media\/3673"}],"wp:attachment":[{"href":"https:\/\/tradeart2000.com\/en\/wp-json\/wp\/v2\/media?parent=1060"}],"wp:term":[{"taxonomy":"product_brand","embeddable":true,"href":"https:\/\/tradeart2000.com\/en\/wp-json\/wp\/v2\/product_brand?post=1060"},{"taxonomy":"product_cat","embeddable":true,"href":"https:\/\/tradeart2000.com\/en\/wp-json\/wp\/v2\/product_cat?post=1060"},{"taxonomy":"product_tag","embeddable":true,"href":"https:\/\/tradeart2000.com\/en\/wp-json\/wp\/v2\/product_tag?post=1060"}],"curies":[{"name":"wp","href":"https:\/\/api.w.org\/{rel}","templated":true}]}}