{"id":1061,"date":"2025-06-30T12:07:28","date_gmt":"2025-06-30T12:07:28","guid":{"rendered":"https:\/\/tradeart.strategiedigitali.net\/?post_type=product&#038;p=1061"},"modified":"2025-12-13T18:53:17","modified_gmt":"2025-12-13T18:53:17","slug":"visitor","status":"publish","type":"product","link":"https:\/\/tradeart2000.com\/en\/product\/visitor\/","title":{"rendered":"Visitor"},"content":{"rendered":"<p>I sistemi radiologici mobili della famiglia Visitor si distinguono per il design compatto e i comandi intuitivi, offrendo la possibilit\u00e0 di eseguire con facilit\u00e0 gli esami in reparto. Sono disponibili tre diverse serie: la serie T, progettata per le attivit\u00e0 pi\u00f9 impegnative, la serie S, dalle prestazioni eccellenti e dedicata all&#8217;elevata produttivit\u00e0, e infine la serie C, estremamente compatta e con un eccellente rapporto prezzo\/prestazioni. Diversi modelli sono disponibili sia in versione analogica che digitale. Tutti i modelli delle diverse serie garantiscono prestazioni ottimali in spazi limitati, massimizzando flessibilit\u00e0, qualit\u00e0 dell&#8217;immagine ed efficienza.<\/p>","protected":false},"excerpt":{"rendered":"<p>I sistemi radiologici mobili della famiglia Visitor si distinguono per il design compatto e i comandi intuitivi, offrendo la possibilit\u00e0 di eseguire con facilit\u00e0 gli esami in reparto. Sono disponibili tre diverse serie: la serie T, progettata per le attivit\u00e0 pi\u00f9 impegnative, la serie S, dalle prestazioni eccellenti e dedicata all&#8217;elevata produttivit\u00e0, e infine la serie C, estremamente compatta e con un eccellente rapporto prezzo\/prestazioni. Diversi modelli sono disponibili sia in versione analogica che digitale. Tutti i modelli delle diverse serie garantiscono prestazioni ottimali in spazi limitati, massimizzando flessibilit\u00e0, qualit\u00e0 dell&#8217;immagine ed efficienza.<\/p>","protected":false},"featured_media":3409,"template":"","meta":{"_acf_changed":false,"wds_primary_product_brand":0,"wds_primary_product_cat":0,"wds_primary_yith_product_brand":0},"product_brand":[],"product_cat":[235,240],"product_tag":[],"class_list":{"0":"post-1061","1":"product","2":"type-product","3":"status-publish","4":"has-post-thumbnail","6":"product_cat-radiologia-generale","7":"product_cat-portatili-radiologici","8":"yith_product_brand-villa-sistemi-medicali","10":"first","11":"instock","12":"shipping-taxable","13":"product-type-simple"},"acf":[],"_links":{"self":[{"href":"https:\/\/tradeart2000.com\/en\/wp-json\/wp\/v2\/product\/1061","targetHints":{"allow":["GET"]}}],"collection":[{"href":"https:\/\/tradeart2000.com\/en\/wp-json\/wp\/v2\/product"}],"about":[{"href":"https:\/\/tradeart2000.com\/en\/wp-json\/wp\/v2\/types\/product"}],"wp:featuredmedia":[{"embeddable":true,"href":"https:\/\/tradeart2000.com\/en\/wp-json\/wp\/v2\/media\/3409"}],"wp:attachment":[{"href":"https:\/\/tradeart2000.com\/en\/wp-json\/wp\/v2\/media?parent=1061"}],"wp:term":[{"taxonomy":"product_brand","embeddable":true,"href":"https:\/\/tradeart2000.com\/en\/wp-json\/wp\/v2\/product_brand?post=1061"},{"taxonomy":"product_cat","embeddable":true,"href":"https:\/\/tradeart2000.com\/en\/wp-json\/wp\/v2\/product_cat?post=1061"},{"taxonomy":"product_tag","embeddable":true,"href":"https:\/\/tradeart2000.com\/en\/wp-json\/wp\/v2\/product_tag?post=1061"}],"curies":[{"name":"wp","href":"https:\/\/api.w.org\/{rel}","templated":true}]}}