{"id":1064,"date":"2025-06-30T12:15:56","date_gmt":"2025-06-30T12:15:56","guid":{"rendered":"https:\/\/tradeart.strategiedigitali.net\/?post_type=product&#038;p=1064"},"modified":"2025-12-13T16:30:09","modified_gmt":"2025-12-13T16:30:09","slug":"famiglia-2d","status":"publish","type":"product","link":"https:\/\/tradeart2000.com\/en\/product\/famiglia-2d\/","title":{"rendered":"2D Family"},"content":{"rendered":"<p>La famiglia Planmeca 2D rappresenta la linea di soluzioni radiografiche panoramiche di Planmeca, progettata per fornire imaging dentale e cefalometrico 2D con alta qualit\u00e0, versatilit\u00e0 e facilit\u00e0 d\u2019uso. Queste unit\u00e0 panoramiche sono pensate per essere modulari, aggiornabili e adattabili alle esigenze cliniche crescenti dello studio odontoiatrico.<\/p>\n<p>Caratteristiche chiave<\/p>\n<ul>\n<li>Tecnologia SCARA brevettata<br \/>\nLe unit\u00e0 panoramiche Planmeca usano un braccio robotico SCARA (Selectively Compliant Articulated Robot Arm), che garantisce una geometria anatomica accurata durante l\u2019acquisizione, contribuendo a immagini chiare e senza artefatti geometrico\u2011distorsivi.<\/li>\n<li>Controllo dinamico dell\u2019esposizione (DEC)<br \/>\nI sistemi misurano in tempo reale la trasparenza del paziente e regolano automaticamente i parametri di esposizione, ottimizzando la dose senza compromettere la qualit\u00e0 dell\u2019immagine.<\/li>\n<li>Elevata usabilit\u00e0<br \/>\nTutte le unit\u00e0 presentano un\u2019interfaccia grafica intuitiva, flusso di lavoro lineare, luci laser triple e accesso laterale comodo per la migliore gestione del posizionamento paziente.<\/li>\n<li>Ampia gamma di programmi panoramici<br \/>\nLe unit\u00e0 offrono numerosi programmi di imaging (panoramica, bitewing extra\u2011orale, ATM, seni paranasali, ecc.), con la possibilit\u00e0 di variare il formato d\u2019esposizione allo scopo diagnostico minnimizzando la dose.<\/li>\n<li>Modularit\u00e0 e scalabilit\u00e0<br \/>\nLe unit\u00e0 panoramiche Planmeca sono progettate per essere \u201ca prova di futuro\u201d: \u00e8 possibile aggiungere opzioni (come un cefalostato o successivi moduli CBCT) in un secondo momento, senza sostituire l\u2019intera macchina.<\/li>\n<li>Software integrato avanzato<br \/>\nIl sistema \u00e8 supportato dalla suite Planmeca Romexis, che offre strumenti completi per l\u2019elaborazione, l\u2019analisi e la condivisione delle immagini 2D. Le funzionalit\u00e0 includono miglioramenti diagnostici e connessione a dispositivi mobili.<\/li>\n<\/ul>","protected":false},"excerpt":{"rendered":"<p class=\"translation-block\">The Planmeca 2D Family includes compact, scalable panoramic and cephalometric dental imaging units, delivering high-quality 2D imaging with technologies such as SCARA arm positioning and dynamic exposure control. All units feature a user-friendly interface and offer the possibility of future upgrades to CBCT functionality.\n<br><br>\n<b>*Available for distribution exclusively in Italy.<\/b><\/p>","protected":false},"featured_media":3316,"template":"","meta":{"_acf_changed":false,"wds_primary_product_brand":0,"wds_primary_product_cat":0,"wds_primary_yith_product_brand":0},"product_brand":[],"product_cat":[226,228],"product_tag":[],"class_list":{"0":"post-1064","1":"product","2":"type-product","3":"status-publish","4":"has-post-thumbnail","6":"product_cat-radiologia-odontoiatrica","7":"product_cat-sistemi-di-radiologia-odontoiatrica","8":"yith_product_brand-planmeca","10":"first","11":"instock","12":"shipping-taxable","13":"product-type-simple"},"acf":[],"_links":{"self":[{"href":"https:\/\/tradeart2000.com\/en\/wp-json\/wp\/v2\/product\/1064","targetHints":{"allow":["GET"]}}],"collection":[{"href":"https:\/\/tradeart2000.com\/en\/wp-json\/wp\/v2\/product"}],"about":[{"href":"https:\/\/tradeart2000.com\/en\/wp-json\/wp\/v2\/types\/product"}],"wp:featuredmedia":[{"embeddable":true,"href":"https:\/\/tradeart2000.com\/en\/wp-json\/wp\/v2\/media\/3316"}],"wp:attachment":[{"href":"https:\/\/tradeart2000.com\/en\/wp-json\/wp\/v2\/media?parent=1064"}],"wp:term":[{"taxonomy":"product_brand","embeddable":true,"href":"https:\/\/tradeart2000.com\/en\/wp-json\/wp\/v2\/product_brand?post=1064"},{"taxonomy":"product_cat","embeddable":true,"href":"https:\/\/tradeart2000.com\/en\/wp-json\/wp\/v2\/product_cat?post=1064"},{"taxonomy":"product_tag","embeddable":true,"href":"https:\/\/tradeart2000.com\/en\/wp-json\/wp\/v2\/product_tag?post=1064"}],"curies":[{"name":"wp","href":"https:\/\/api.w.org\/{rel}","templated":true}]}}