{"id":1065,"date":"2025-06-30T12:16:42","date_gmt":"2025-06-30T12:16:42","guid":{"rendered":"https:\/\/tradeart.strategiedigitali.net\/?post_type=product&#038;p=1065"},"modified":"2025-12-13T17:37:15","modified_gmt":"2025-12-13T17:37:15","slug":"romexis","status":"publish","type":"product","link":"https:\/\/tradeart2000.com\/en\/product\/romexis\/","title":{"rendered":"Romexis"},"content":{"rendered":"<p>Planmeca Romexis \u00e8 la piattaforma software dentale completa e flessibile sviluppata da Planmeca per supportare tutte le esigenze di imaging in campo odontoiatrico, dal piccolo studio alla clinica multi-sede.<\/p>\n<p>Caratteristiche principali e punti di forza<\/p>\n<ol>\n<li>Supporto per pi\u00f9 modalit\u00e0 di imaging<br \/>\nRomexis consente di gestire immagini 2D (panoramiche, cefalometriche, bitewing, ATM, ecc.) fino a 3D \/ CBCT, scansioni di modelli e progetti CAD\/CAM all\u2019interno dello stesso sistema.<\/li>\n<li>Interfaccia utente intuitiva e flussi di lavoro ottimizzati<br \/>\n\u00c8 progettato per ridurre il numero di clic e velocizzare le procedure quotidiane. Le operazioni di imaging pi\u00f9 comuni sono semplificate da procedure guidate, per rendere il software accessibile anche a chi \u00e8 alle prime armi.<\/li>\n<li>Tool di intelligenza artificiale integrati<\/li>\n<\/ol>\n<p>Romexis 7 integra funzionalit\u00e0 di AI per la segmentazione automatica di strutture anatomiche, riconoscimento automatico del numero del dente, navigazione del volume, sovrapposizione automatica fra scansioni.<\/p>\n<ol start=\"4\">\n<li>Piattaforma aperta e compatibile<br \/>\nRomexis supporta formati standard del settore (JPEG, DICOM, STL) per importare ed esportare dati con altri software o laboratori. Permette anche l\u2019integrazione con software di gestione dello studio odontoiatrico tramite oltre 100 opzioni compatibili.<\/li>\n<li>Modularit\u00e0 e scalabilit\u00e0<br \/>\n\u00c8 possibile iniziare con funzionalit\u00e0 base e aggiungere moduli (implantologia, chirurgia, ortodonzia, CAD\/CAM) in base alle esigenze dello studio. Questo consente di far crescere il software insieme all\u2019attivit\u00e0 clinica.<\/li>\n<li>Strumenti 3D avanzati<br \/>\nIl modulo 3D di Romexis supporta la gestione di CBCT, modelli di superficie, fotografie 3D e la registrazione di movimenti (4D).<\/li>\n<li>Pianificazione implantare e guida chirurgica<br \/>\nIl software integra moduli per la pianificazione dell\u2019impianto con librerie di produttori implantari (oltre 130), per la generazione automatica di corone virtuali e per la progettazione di guide chirurgiche da stampare in 3D.<\/li>\n<li>Modulo CAD\/CAM integrato<br \/>\nIl modulo Romexis CAD\/CAM consente di trasformare le impronte digitali in restauri protesici direttamente in studio. Offre funzioni per la progettazione, modifica e produzione dei restauri, supportando flussi di lavoro completi senza uscire dalla piattaforma.<\/li>\n<li>Condivisione, collaborazione e accesso remoto<br \/>\nLe immagini e i casi clinici possono essere condivisi con facilit\u00e0 tramite app mobili, visualizzatori gratuiti e cloud, permettendo ai team clinici e ai pazienti di visualizzare i dati anche remotamente.<\/li>\n<li>Sicurezza e conformit\u00e0 normativa<br \/>\nRomexis integra misure di sicurezza fin dalla progettazione, con registrazione delle azioni del software, protezione della privacy dei dati e requisiti di autorizzazione per le operazioni critiche.<\/li>\n<\/ol>","protected":false},"excerpt":{"rendered":"<p class=\"translation-block\">Planmeca Romexis is an all-in-one integrated software platform for dental imaging that supports and coordinates 2D, 3D, and CAD\/CAM images. It streamlines image acquisition, viewing, analysis, and sharing, offering advanced tools, flexibility, and an efficient workflow for dental practices and clinics.\n<br><br>\n<b>*Available for distribution exclusively in Italy.<\/b><\/p>","protected":false},"featured_media":3366,"template":"","meta":{"_acf_changed":false,"wds_primary_product_brand":0,"wds_primary_product_cat":0,"wds_primary_yith_product_brand":0},"product_brand":[],"product_cat":[226,227],"product_tag":[],"class_list":{"0":"post-1065","1":"product","2":"type-product","3":"status-publish","4":"has-post-thumbnail","6":"product_cat-radiologia-odontoiatrica","7":"product_cat-software","8":"yith_product_brand-planmeca","10":"first","11":"instock","12":"shipping-taxable","13":"product-type-simple"},"acf":[],"_links":{"self":[{"href":"https:\/\/tradeart2000.com\/en\/wp-json\/wp\/v2\/product\/1065","targetHints":{"allow":["GET"]}}],"collection":[{"href":"https:\/\/tradeart2000.com\/en\/wp-json\/wp\/v2\/product"}],"about":[{"href":"https:\/\/tradeart2000.com\/en\/wp-json\/wp\/v2\/types\/product"}],"wp:featuredmedia":[{"embeddable":true,"href":"https:\/\/tradeart2000.com\/en\/wp-json\/wp\/v2\/media\/3366"}],"wp:attachment":[{"href":"https:\/\/tradeart2000.com\/en\/wp-json\/wp\/v2\/media?parent=1065"}],"wp:term":[{"taxonomy":"product_brand","embeddable":true,"href":"https:\/\/tradeart2000.com\/en\/wp-json\/wp\/v2\/product_brand?post=1065"},{"taxonomy":"product_cat","embeddable":true,"href":"https:\/\/tradeart2000.com\/en\/wp-json\/wp\/v2\/product_cat?post=1065"},{"taxonomy":"product_tag","embeddable":true,"href":"https:\/\/tradeart2000.com\/en\/wp-json\/wp\/v2\/product_tag?post=1065"}],"curies":[{"name":"wp","href":"https:\/\/api.w.org\/{rel}","templated":true}]}}