{"id":1068,"date":"2025-06-30T12:18:29","date_gmt":"2025-06-30T12:18:29","guid":{"rendered":"https:\/\/tradeart.strategiedigitali.net\/?post_type=product&#038;p=1068"},"modified":"2025-12-13T19:00:46","modified_gmt":"2025-12-13T19:00:46","slug":"ziehm-vision-rfd-3d","status":"publish","type":"product","link":"https:\/\/tradeart2000.com\/en\/product\/ziehm-vision-rfd-3d\/","title":{"rendered":"Ziehm Vision RFD 3D"},"content":{"rendered":"<p>Basato su oltre un decennio di esperienza nella diagnostica per immagini 3D, Ziehm Vision RFD 3D presenta un\u2019avanzata tecnologia di imaging, che combina le funzionalit\u00e0 2D e 3D per offrire un maggiore controllo intraoperatorio e ridurre la necessit\u00e0 di scansioni CT post-operatorie e costose chirurgie correttive. Questo arco a C mobile \u00e8 dunque ideale, ad esempio, per interventi ortopedici, traumatologici e spinali avanzati, nonch\u00e9 per procedure maxillofacciali e cocleari altamente specializzate. L\u2019arco a C \u00e8 disponibile anche in versione vascolare e\/o cardio, grazie alla dotazione di dedicati tool software.<\/p>\n<p>Tecnologia di diagnostica per immagini:<\/p>\n<ul>\n<li>CMOS, pannello piatto, 31 cm x 31 cm<\/li>\n<li>a-Si, pannello piatto, 30 cm x 30 cm<\/li>\n<\/ul>\n<p>Potenza: 25 kW o 30 kW.<\/p>","protected":false},"excerpt":{"rendered":"<p>Ziehm Vision RFD 3D \u00e8 un arco a C mobile con tecnologia avanzata che integra imaging 2D e 3D ad alta risoluzione, ideale per chirurgia ortopedica, spinale e maxillofacciale. Riduce la necessit\u00e0 di TC post-operatorie, offrendo massimo controllo intraoperatorio. Disponibile anche in versione cardio e vascolare.<\/p>","protected":false},"featured_media":3423,"template":"","meta":{"_acf_changed":false,"wds_primary_product_brand":0,"wds_primary_product_cat":0,"wds_primary_yith_product_brand":0},"product_brand":[],"product_cat":[221,225],"product_tag":[],"class_list":{"0":"post-1068","1":"product","2":"type-product","3":"status-publish","4":"has-post-thumbnail","6":"product_cat-archi-per-sala-operatoria","7":"product_cat-archi-a-c","8":"yith_product_brand-ziehm-imaging","10":"first","11":"instock","12":"shipping-taxable","13":"product-type-simple"},"acf":[],"_links":{"self":[{"href":"https:\/\/tradeart2000.com\/en\/wp-json\/wp\/v2\/product\/1068","targetHints":{"allow":["GET"]}}],"collection":[{"href":"https:\/\/tradeart2000.com\/en\/wp-json\/wp\/v2\/product"}],"about":[{"href":"https:\/\/tradeart2000.com\/en\/wp-json\/wp\/v2\/types\/product"}],"wp:featuredmedia":[{"embeddable":true,"href":"https:\/\/tradeart2000.com\/en\/wp-json\/wp\/v2\/media\/3423"}],"wp:attachment":[{"href":"https:\/\/tradeart2000.com\/en\/wp-json\/wp\/v2\/media?parent=1068"}],"wp:term":[{"taxonomy":"product_brand","embeddable":true,"href":"https:\/\/tradeart2000.com\/en\/wp-json\/wp\/v2\/product_brand?post=1068"},{"taxonomy":"product_cat","embeddable":true,"href":"https:\/\/tradeart2000.com\/en\/wp-json\/wp\/v2\/product_cat?post=1068"},{"taxonomy":"product_tag","embeddable":true,"href":"https:\/\/tradeart2000.com\/en\/wp-json\/wp\/v2\/product_tag?post=1068"}],"curies":[{"name":"wp","href":"https:\/\/api.w.org\/{rel}","templated":true}]}}