{"id":1070,"date":"2025-06-30T12:19:58","date_gmt":"2025-06-30T12:19:58","guid":{"rendered":"https:\/\/tradeart.strategiedigitali.net\/?post_type=product&#038;p=1070"},"modified":"2025-12-13T18:58:53","modified_gmt":"2025-12-13T18:58:53","slug":"ziehm-solo-fd","status":"publish","type":"product","link":"https:\/\/tradeart2000.com\/en\/product\/ziehm-solo-fd\/","title":{"rendered":"Ziehm Solo FD"},"content":{"rendered":"<p>Con il suo disegno compatto, Ziehm Solo FD \u00e8 uno degli archi a C pi\u00f9 compatti del mercato ed \u00e8 adatto anche ai pi\u00f9 piccoli scenari di trattamento. Ziehm Solo FD \u00e8 dotato dell\u2019ultima tecnologia a pannello piatto. Versatili opzioni di visualizzazione e nuove dimensioni nella facilit\u00e0 d\u2019uso offrono la massima flessibilit\u00e0 nella sala operatoria e agevolano il vostro flusso di lavoro clinico. Con gli ultimi miglioramenti di SmartDose, Ziehm Solo FD assicura la migliore qualit\u00e0 dell\u2019immagine con una dose ridotta al minimo.<br \/>\nTecnologia di diagnostica per immagini:<\/p>\n<ul>\n<li>CMOS, pannello piatto, 21 cm x 21 cm<\/li>\n<li>IGZO, pannello piatto, 21 cm x 21 cm.<\/li>\n<\/ul>","protected":false},"excerpt":{"rendered":"<p>Ziehm Solo FD \u00e8 uno degli archi a C pi\u00f9 compatti sul mercato, ideale per spazi ridotti. Dotato di tecnologia flat panel CMOS o IGZO e generatore 2,4 kW, garantisce immagini di alta qualit\u00e0 con dose minima, massima flessibilit\u00e0 operativa e flusso di lavoro ottimizzato.<\/p>","protected":false},"featured_media":3419,"template":"","meta":{"_acf_changed":false,"wds_primary_product_brand":0,"wds_primary_product_cat":0,"wds_primary_yith_product_brand":0},"product_brand":[],"product_cat":[221,225],"product_tag":[],"class_list":{"0":"post-1070","1":"product","2":"type-product","3":"status-publish","4":"has-post-thumbnail","6":"product_cat-archi-per-sala-operatoria","7":"product_cat-archi-a-c","8":"yith_product_brand-ziehm-imaging","10":"first","11":"instock","12":"shipping-taxable","13":"product-type-simple"},"acf":[],"_links":{"self":[{"href":"https:\/\/tradeart2000.com\/en\/wp-json\/wp\/v2\/product\/1070","targetHints":{"allow":["GET"]}}],"collection":[{"href":"https:\/\/tradeart2000.com\/en\/wp-json\/wp\/v2\/product"}],"about":[{"href":"https:\/\/tradeart2000.com\/en\/wp-json\/wp\/v2\/types\/product"}],"wp:featuredmedia":[{"embeddable":true,"href":"https:\/\/tradeart2000.com\/en\/wp-json\/wp\/v2\/media\/3419"}],"wp:attachment":[{"href":"https:\/\/tradeart2000.com\/en\/wp-json\/wp\/v2\/media?parent=1070"}],"wp:term":[{"taxonomy":"product_brand","embeddable":true,"href":"https:\/\/tradeart2000.com\/en\/wp-json\/wp\/v2\/product_brand?post=1070"},{"taxonomy":"product_cat","embeddable":true,"href":"https:\/\/tradeart2000.com\/en\/wp-json\/wp\/v2\/product_cat?post=1070"},{"taxonomy":"product_tag","embeddable":true,"href":"https:\/\/tradeart2000.com\/en\/wp-json\/wp\/v2\/product_tag?post=1070"}],"curies":[{"name":"wp","href":"https:\/\/api.w.org\/{rel}","templated":true}]}}