{"id":1071,"date":"2025-06-30T12:20:28","date_gmt":"2025-06-30T12:20:28","guid":{"rendered":"https:\/\/tradeart.strategiedigitali.net\/?post_type=product&#038;p=1071"},"modified":"2025-12-13T17:31:21","modified_gmt":"2025-12-13T17:31:21","slug":"orthoscan-tau","status":"publish","type":"product","link":"https:\/\/tradeart2000.com\/en\/product\/orthoscan-tau\/","title":{"rendered":"Orthoscan TAU"},"content":{"rendered":"<p>Orthoscan, leader nel mercato dei mini C-Arm con rilevatore CMOS di ultima generazione, \u00e8 l\u2019unica azienda che dispone di ben tre sistemi dedicati nel settore di cui uno con campo visivo pi\u00f9 grande sul mercato (20\u00d720 cm). Su tutti i dispositivi TAU \u00e8 disponibile la nuova interfaccia Orthotouch 2.0 con monitor touchscreen e nuovi monitor da 24\u201d (per le versioni TAU 1512 e TAU 1515) e 27\u201d (versione 2020).<\/p>\n<p>Tutti i sistemi presentano un flat panel ultrasottile ed \u00e8 possibile posizionare la parte anatomica da esaminare direttamente sulla superficie del pannello piatto. Tutte le versioni presentano su entrambi i lati della C i comandi da campo sterile facilitando le procedure operatorie e riducendo le tempistiche ed i rischi di sterilit\u00e0. Inoltre, il sistema IDR (Intelligent Dose Reduction) consente un notevole risparmio di dose ed \u00e8 approvato per l\u2019uso pediatrico grazie alla selezione dei programmi anatomici per pazienti adulti e pediatrici.<\/p>","protected":false},"excerpt":{"rendered":"<p>Orthoscan, leader nel mercato dei mini C-Arm con rilevatore CMOS di ultima generazione, \u00e8 l\u2019unica azienda che dispone di ben tre sistemi dedicati nel settore di cui uno con campo visivo pi\u00f9 grande sul mercato (20\u00d720 cm). Tutti i modelli offrono flat panel ultrasottile, interfaccia touchscreen Orthotouch 2.0, comandi su entrambi i lati in campo sterile e sistema IDR per riduzione intelligente della dose, anche in ambito pediatrico.<\/p>","protected":false},"featured_media":3361,"template":"","meta":{"_acf_changed":false,"wds_primary_product_brand":0,"wds_primary_product_cat":0,"wds_primary_yith_product_brand":0},"product_brand":[],"product_cat":[221,224],"product_tag":[],"class_list":{"0":"post-1071","1":"product","2":"type-product","3":"status-publish","4":"has-post-thumbnail","6":"product_cat-archi-per-sala-operatoria","7":"product_cat-mini-archi-a-c","8":"yith_product_brand-orthoscan","10":"first","11":"instock","12":"shipping-taxable","13":"product-type-simple"},"acf":[],"_links":{"self":[{"href":"https:\/\/tradeart2000.com\/en\/wp-json\/wp\/v2\/product\/1071","targetHints":{"allow":["GET"]}}],"collection":[{"href":"https:\/\/tradeart2000.com\/en\/wp-json\/wp\/v2\/product"}],"about":[{"href":"https:\/\/tradeart2000.com\/en\/wp-json\/wp\/v2\/types\/product"}],"wp:featuredmedia":[{"embeddable":true,"href":"https:\/\/tradeart2000.com\/en\/wp-json\/wp\/v2\/media\/3361"}],"wp:attachment":[{"href":"https:\/\/tradeart2000.com\/en\/wp-json\/wp\/v2\/media?parent=1071"}],"wp:term":[{"taxonomy":"product_brand","embeddable":true,"href":"https:\/\/tradeart2000.com\/en\/wp-json\/wp\/v2\/product_brand?post=1071"},{"taxonomy":"product_cat","embeddable":true,"href":"https:\/\/tradeart2000.com\/en\/wp-json\/wp\/v2\/product_cat?post=1071"},{"taxonomy":"product_tag","embeddable":true,"href":"https:\/\/tradeart2000.com\/en\/wp-json\/wp\/v2\/product_tag?post=1071"}],"curies":[{"name":"wp","href":"https:\/\/api.w.org\/{rel}","templated":true}]}}