{"id":1075,"date":"2025-06-30T12:58:22","date_gmt":"2025-06-30T12:58:22","guid":{"rendered":"https:\/\/tradeart.strategiedigitali.net\/?post_type=product&#038;p=1075"},"modified":"2025-12-13T18:04:53","modified_gmt":"2025-12-13T18:04:53","slug":"selenia-dimensions","status":"publish","type":"product","link":"https:\/\/tradeart2000.com\/en\/product\/selenia-dimensions\/","title":{"rendered":"Selenia Dimensions"},"content":{"rendered":"<p>Il mammografo digitale Hologic Selenia Dimensions con funzionalit\u00e0 di Tomosintesi \u00e8 dotato di caratteristiche esclusive, che consentono l\u2019esecuzione di indagini diagnostiche mammografiche di altissima qualit\u00e0, sia di screening che di diagnostica clinica. Grazie alla sua elevata ergonomicit\u00e0 il sistema occupa spazi minimi e consente un facile accesso alla paziente, anche in posizione seduta.<\/p>\n<p>Selenia Dimensions ha le seguenti peculiari ed esclusive caratteristiche:<\/p>\n<ul>\n<li><span lang=\"en-US\">Piastra Full Field 24\u00d730 (area attiva 24cmx29cm)<\/span><\/li>\n<li>Detettore al Selenio amorfo e read-out al Silicio amorfo con pixel 70\u00b5m<\/li>\n<li>Risoluzione superiore a 7 lp\/mm<\/li>\n<li>Griglia HCT a struttura cellulare senza riempitivo con alto coefficiente di trasmissione<\/li>\n<li>Dispositivo di compressione con movimento anche sul piano orizzontale per ottimizzare la visualizzazione del prolungamento ascellare nelle viste oblique<\/li>\n<li>Sistema AEC \u201cintelligente\u201d di controllo automatico dell\u2019esposizione su tutta l\u2019area compressa<\/li>\n<\/ul>\n<p>Selenia Dimensions \u00e8 stato progettato per l\u2019acquisizione di immagini mammografiche 2D e 3D (Tomosintesi). Il sistema esegue una sequenza di scansioni a vari angoli di incidenza consentendo cos\u00ec al software dedicato di presentare una ricostruzione tridimensionale della mammella con possibilit\u00e0 di visualizzazione stratificata a millimetri. La dose totale ed il tempo di esposizione, pari a 3,75 secondi, sono equivalenti a quelli di un classico studio mammografico.<\/p>\n<p>La console del mammografo Selenia Dimensions \u00e8 altamente ergonomica e poco ingombrante. Infatti, nella stazione del tecnico si trova sia la \u201cConsole di Comando\u201d che la \u201cWorkstation di acquisizione\/elaborazione\u201d; in questo modo si minimizzano gli spazi occupati dal sistema e si ottimizza la funzionalit\u00e0 del sistema e il flusso di lavoro. Il sistema garantisce la pi\u00f9 ampia possibilit\u00e0 di memorizzazione immagini non compresse con possibilit\u00e0 di masterizzazione su CD\/DVD.<\/p>\n<p>La stazione di acquisizione consente la visualizzazione in tempo reale delle immagini acquisite per permettere all\u2019operatore di accettare o rifiutare le immagini stesse, consentendo un elevato flusso di lavoro nel Reparto.<\/p>","protected":false},"excerpt":{"rendered":"<p>Il mammografo digitale Hologic Selenia Dimensions rappresenta un significativo salto di qualit\u00e0 nel campo della mammografia digitale. Le caratteristiche esclusive del sistema consentono l\u2019esecuzione di indagini diagnostiche mammografiche di altissima qualit\u00e0 sia di screening che di diagnostica clinica. Grazie alla sua elevata ergonomia il sistema occupa spazi minimi e consente un facile accesso alla paziente, sia in posizione eretta sia su sedia a rotelle.<\/p>","protected":false},"featured_media":3376,"template":"","meta":{"_acf_changed":false,"wds_primary_product_brand":0,"wds_primary_product_cat":0,"wds_primary_yith_product_brand":0},"product_brand":[],"product_cat":[229,234],"product_tag":[],"class_list":{"0":"post-1075","1":"product","2":"type-product","3":"status-publish","4":"has-post-thumbnail","6":"product_cat-mammografia","7":"product_cat-unita-di-mammografia","8":"yith_product_brand-hologic","10":"first","11":"instock","12":"shipping-taxable","13":"product-type-simple"},"acf":[],"_links":{"self":[{"href":"https:\/\/tradeart2000.com\/en\/wp-json\/wp\/v2\/product\/1075","targetHints":{"allow":["GET"]}}],"collection":[{"href":"https:\/\/tradeart2000.com\/en\/wp-json\/wp\/v2\/product"}],"about":[{"href":"https:\/\/tradeart2000.com\/en\/wp-json\/wp\/v2\/types\/product"}],"wp:featuredmedia":[{"embeddable":true,"href":"https:\/\/tradeart2000.com\/en\/wp-json\/wp\/v2\/media\/3376"}],"wp:attachment":[{"href":"https:\/\/tradeart2000.com\/en\/wp-json\/wp\/v2\/media?parent=1075"}],"wp:term":[{"taxonomy":"product_brand","embeddable":true,"href":"https:\/\/tradeart2000.com\/en\/wp-json\/wp\/v2\/product_brand?post=1075"},{"taxonomy":"product_cat","embeddable":true,"href":"https:\/\/tradeart2000.com\/en\/wp-json\/wp\/v2\/product_cat?post=1075"},{"taxonomy":"product_tag","embeddable":true,"href":"https:\/\/tradeart2000.com\/en\/wp-json\/wp\/v2\/product_tag?post=1075"}],"curies":[{"name":"wp","href":"https:\/\/api.w.org\/{rel}","templated":true}]}}