{"id":1078,"date":"2025-06-30T13:01:17","date_gmt":"2025-06-30T13:01:17","guid":{"rendered":"https:\/\/tradeart.strategiedigitali.net\/?post_type=product&#038;p=1078"},"modified":"2025-12-13T16:50:01","modified_gmt":"2025-12-13T16:50:01","slug":"i-view","status":"publish","type":"product","link":"https:\/\/tradeart2000.com\/en\/product\/i-view\/","title":{"rendered":"I-View"},"content":{"rendered":"<p>I-View \u00e8 il software avanzato di Hologic per l\u2019imaging mammografico con mezzo di contrasto, basato su tecnologia 2D a doppia energia (CE2D). Progettato per rendere visibili lesioni non identificabili con la mammografia tradizionale, I-View permette una valutazione pi\u00f9 chiara e accurata della morfologia e vascolarizzazione di eventuali anomalie sospette.<\/p>\n<p>Il principio alla base della mammografia con contrasto \u00e8 l\u2019aumento del flusso sanguigno in corrispondenza di aree tumorali. Dopo l\u2019iniezione endovenosa di un mezzo di contrasto iodato, vengono acquisite immagini mammografiche ad alta e bassa energia. Il software I-View elabora queste immagini sottraendo i dati strutturali del tessuto mammario per mettere in risalto le aree di maggiore assorbimento, rivelando la presenza di potenziali lesioni maligne.<\/p>\n<p>I-View trasforma la mammografia in uno strumento funzionale, consentendo una diagnostica pi\u00f9 sensibile e specifica, senza la necessit\u00e0 di passare subito a esami pi\u00f9 invasivi o costosi come la risonanza magnetica.<\/p>","protected":false},"excerpt":{"rendered":"<p>I-View \u00e8 un software per mammografia con mezzo di contrasto (CE2D) che, grazie alla tecnologia a doppia energia, evidenzia lesioni non visibili con esami convenzionali, migliorando la diagnosi e l\u2019analisi morfologica delle aree sospette.<\/p>","protected":false},"featured_media":3331,"template":"","meta":{"_acf_changed":false,"wds_primary_product_brand":0,"wds_primary_product_cat":0,"wds_primary_yith_product_brand":0},"product_brand":[],"product_cat":[229,234],"product_tag":[],"class_list":{"0":"post-1078","1":"product","2":"type-product","3":"status-publish","4":"has-post-thumbnail","6":"product_cat-mammografia","7":"product_cat-unita-di-mammografia","8":"yith_product_brand-hologic","10":"first","11":"instock","12":"shipping-taxable","13":"product-type-simple"},"acf":[],"_links":{"self":[{"href":"https:\/\/tradeart2000.com\/en\/wp-json\/wp\/v2\/product\/1078","targetHints":{"allow":["GET"]}}],"collection":[{"href":"https:\/\/tradeart2000.com\/en\/wp-json\/wp\/v2\/product"}],"about":[{"href":"https:\/\/tradeart2000.com\/en\/wp-json\/wp\/v2\/types\/product"}],"wp:featuredmedia":[{"embeddable":true,"href":"https:\/\/tradeart2000.com\/en\/wp-json\/wp\/v2\/media\/3331"}],"wp:attachment":[{"href":"https:\/\/tradeart2000.com\/en\/wp-json\/wp\/v2\/media?parent=1078"}],"wp:term":[{"taxonomy":"product_brand","embeddable":true,"href":"https:\/\/tradeart2000.com\/en\/wp-json\/wp\/v2\/product_brand?post=1078"},{"taxonomy":"product_cat","embeddable":true,"href":"https:\/\/tradeart2000.com\/en\/wp-json\/wp\/v2\/product_cat?post=1078"},{"taxonomy":"product_tag","embeddable":true,"href":"https:\/\/tradeart2000.com\/en\/wp-json\/wp\/v2\/product_tag?post=1078"}],"curies":[{"name":"wp","href":"https:\/\/api.w.org\/{rel}","templated":true}]}}