{"id":1079,"date":"2025-06-30T13:01:54","date_gmt":"2025-06-30T13:01:54","guid":{"rendered":"https:\/\/tradeart.strategiedigitali.net\/?post_type=product&#038;p=1079"},"modified":"2025-12-13T14:48:59","modified_gmt":"2025-12-13T14:48:59","slug":"affirm-upright","status":"publish","type":"product","link":"https:\/\/tradeart2000.com\/en\/product\/affirm-upright\/","title":{"rendered":"Affirm Upright"},"content":{"rendered":"<p>Il sistema Affirm Upright per biopsia della mammella sotto guida stereotassica rappresenta l\u2019ultima generazione dei sistemi di biopsia integrati nel mammografo. Questa innovativa soluzione \u00e8 stata progettata per massimizzare l\u2019efficienza ed ottimizzare i flussi di lavoro dando all\u2019utilizzatore l\u2019opportunit\u00e0 di offrire una tecnologia d\u2019avanguardia nella biopsia mammaria lievemente invasiva. Con una transizione facile e veloce dalla mammografia alla biopsia, Affirm Upright offre procedure efficaci dal punto di vista operativo, con minime esigenze di ingombro.<\/p>\n<p>La struttura versatile dell\u2019Affirm ne consente l\u2019utilizzo con i pi\u00f9 svariati dispositivi di biopsia. Inoltre, la sua configurazione pre-programmata per i dispositivi di biopsia Hologic Brevera, Eviva ed ATEC consente un allestimento veloce ed efficiente con riduzione dei tempi nella procedura.<\/p>\n<p>La superiore tecnologia del detettore dei mammografi Hologic fornisce immagini di alta qualit\u00e0; il campo di vista pari a 18\u00d724 cm, il pi\u00f9 grande disponibile sul mercato, facilita il posizionamento della paziente. Le piastre di compressione, configurate per le procedure di biopsia, sono trasparenti e presentano profili smussati per garantire il massimo comfort alla paziente, il perfetto bloccaggio dei tessuti ed una immagine a pieno campo.<\/p>\n<p>Queste caratteristiche esclusive rendono i mammografi Hologic, equipaggiati con l\u2019Affirm Upright, una soluzione ergonomica, intuitiva e completa per lo screening, la diagnostica e le procedure interventistiche.<\/p>","protected":false},"excerpt":{"rendered":"<p>Affirm Upright \u00e8 il sistema di biopsia mammaria stereotassica integrato nei mammografi Hologic, che consente transizioni rapide dalla diagnostica alla procedura interventistica, con immagini di alta qualit\u00e0, flusso di lavoro ottimizzato e massimo comfort per la paziente.<\/p>","protected":false},"featured_media":3241,"template":"","meta":{"_acf_changed":false,"wds_primary_product_brand":0,"wds_primary_product_cat":0,"wds_primary_yith_product_brand":0},"product_brand":[],"product_cat":[229,234],"product_tag":[],"class_list":{"0":"post-1079","1":"product","2":"type-product","3":"status-publish","4":"has-post-thumbnail","6":"product_cat-mammografia","7":"product_cat-unita-di-mammografia","8":"yith_product_brand-hologic","10":"first","11":"instock","12":"shipping-taxable","13":"product-type-simple"},"acf":[],"_links":{"self":[{"href":"https:\/\/tradeart2000.com\/en\/wp-json\/wp\/v2\/product\/1079","targetHints":{"allow":["GET"]}}],"collection":[{"href":"https:\/\/tradeart2000.com\/en\/wp-json\/wp\/v2\/product"}],"about":[{"href":"https:\/\/tradeart2000.com\/en\/wp-json\/wp\/v2\/types\/product"}],"wp:featuredmedia":[{"embeddable":true,"href":"https:\/\/tradeart2000.com\/en\/wp-json\/wp\/v2\/media\/3241"}],"wp:attachment":[{"href":"https:\/\/tradeart2000.com\/en\/wp-json\/wp\/v2\/media?parent=1079"}],"wp:term":[{"taxonomy":"product_brand","embeddable":true,"href":"https:\/\/tradeart2000.com\/en\/wp-json\/wp\/v2\/product_brand?post=1079"},{"taxonomy":"product_cat","embeddable":true,"href":"https:\/\/tradeart2000.com\/en\/wp-json\/wp\/v2\/product_cat?post=1079"},{"taxonomy":"product_tag","embeddable":true,"href":"https:\/\/tradeart2000.com\/en\/wp-json\/wp\/v2\/product_tag?post=1079"}],"curies":[{"name":"wp","href":"https:\/\/api.w.org\/{rel}","templated":true}]}}