{"id":1084,"date":"2025-06-30T13:07:55","date_gmt":"2025-06-30T13:07:55","guid":{"rendered":"https:\/\/tradeart.strategiedigitali.net\/?post_type=product&#038;p=1084"},"modified":"2025-12-13T08:29:33","modified_gmt":"2025-12-13T08:29:33","slug":"affirm-prone-biopsy-system","status":"publish","type":"product","link":"https:\/\/tradeart2000.com\/en\/product\/affirm-prone-biopsy-system\/","title":{"rendered":"Affirm Prone Biopsy System"},"content":{"rendered":"<p>Affirm Prone Biopsy System \u00e8 una soluzione all\u2019avanguardia per la biopsia mammaria, e rappresenta il primo sistema dedicato a procedure bioptiche in posizione prona che consente di eseguire le procedure sia con guida stereotassica 2D che con guida tomosintesi 3D, tutto in un unico dispositivo.<\/p>\n<p>Basato sulla collaudata tecnologia digitale diretta dei sistemi Selenia Dimensions, il sistema offre immagini ad altissima risoluzione, supportate da piastre trasparenti ai raggi X e da un ampio campo di vista (14,3 x 11,7 cm), per visualizzare anche le lesioni pi\u00f9 piccole e le calcificazioni meno evidenti.<\/p>\n<p>Con un design ergonomico e altamente tecnologico, Affirm Prone:<\/p>\n<ul>\n<li>Permette accesso a 360\u00b0 alla mammella grazie al braccio a C integrato.<\/li>\n<li>Offre una centratura automatica del bersaglio con un solo clic per biopsie 3D.<\/li>\n<li>Include un movimento automatizzato della testa del tubo radiogeno e parametri ago preprogrammati.<\/li>\n<li>Consente il passaggio rapido da approccio standard a laterale in pochi secondi, semplificando le procedure in caso di lesioni complesse.<\/li>\n<\/ul>\n<p>Il risultato \u00e8 un flusso di lavoro ottimizzato, che riduce i tempi di esecuzione e migliora il comfort della paziente, contribuendo a una procedura meno traumatica e pi\u00f9 precisa. Questo sistema consente ai radiologi di operare in modo pi\u00f9 veloce, efficace e sicuro, mantenendo gli standard di qualit\u00e0 diagnostica ai massimi livelli.<\/p>","protected":false},"excerpt":{"rendered":"<p>Affirm Prone Biopsy System \u00e8 il primo sistema dedicato alla biopsia in posizione prona che combina guida stereotassica e tomosintesi 3D in un unico dispositivo. Progettato per offrire un&#8217;esperienza clinica avanzata e confortevole, garantisce accesso a 360\u00b0 alla mammella, immagini 2D e 3D ad alta risoluzione, e un flusso di lavoro rapido e intuitivo, migliorando la precisione della biopsia e l\u2019esperienza della paziente.<\/p>","protected":false},"featured_media":3228,"template":"","meta":{"_acf_changed":false,"wds_primary_product_brand":0,"wds_primary_product_cat":0,"wds_primary_yith_product_brand":0},"product_brand":[],"product_cat":[229,232],"product_tag":[],"class_list":{"0":"post-1084","1":"product","2":"type-product","3":"status-publish","4":"has-post-thumbnail","6":"product_cat-mammografia","7":"product_cat-sistemi-di-biopsia","8":"yith_product_brand-hologic","10":"first","11":"instock","12":"shipping-taxable","13":"product-type-simple"},"acf":[],"_links":{"self":[{"href":"https:\/\/tradeart2000.com\/en\/wp-json\/wp\/v2\/product\/1084","targetHints":{"allow":["GET"]}}],"collection":[{"href":"https:\/\/tradeart2000.com\/en\/wp-json\/wp\/v2\/product"}],"about":[{"href":"https:\/\/tradeart2000.com\/en\/wp-json\/wp\/v2\/types\/product"}],"wp:featuredmedia":[{"embeddable":true,"href":"https:\/\/tradeart2000.com\/en\/wp-json\/wp\/v2\/media\/3228"}],"wp:attachment":[{"href":"https:\/\/tradeart2000.com\/en\/wp-json\/wp\/v2\/media?parent=1084"}],"wp:term":[{"taxonomy":"product_brand","embeddable":true,"href":"https:\/\/tradeart2000.com\/en\/wp-json\/wp\/v2\/product_brand?post=1084"},{"taxonomy":"product_cat","embeddable":true,"href":"https:\/\/tradeart2000.com\/en\/wp-json\/wp\/v2\/product_cat?post=1084"},{"taxonomy":"product_tag","embeddable":true,"href":"https:\/\/tradeart2000.com\/en\/wp-json\/wp\/v2\/product_tag?post=1084"}],"curies":[{"name":"wp","href":"https:\/\/api.w.org\/{rel}","templated":true}]}}