{"id":1102,"date":"2025-06-30T13:31:09","date_gmt":"2025-06-30T13:31:09","guid":{"rendered":"https:\/\/tradeart.strategiedigitali.net\/?post_type=product&#038;p=1102"},"modified":"2025-12-18T14:49:08","modified_gmt":"2025-12-18T14:49:08","slug":"vantage-galan","status":"publish","type":"product","link":"https:\/\/tradeart2000.com\/en\/product\/vantage-galan\/","title":{"rendered":"Vantage Galan"},"content":{"rendered":"<p>Lo scanner per Risonanza Magnetica 3T Vantage Galan di Canon Medical Systems unisce un comfort superiore per il paziente con una serie di altissime specifiche uniche della tecnologia Canon. Vantage Galan presenta un\u2019apertura del tunnel di 71 cm e lunghezza del magnete di appena 1,6 m per la riduzione della sensazione di ansia e di claustrofobia per il paziente. Grazie alla tecnologia denominata Pianissimo, esclusivo sistema di bobine di gradiente inserite in una speciale camera anecoica con sospensione indipendente dal magnete, il rumore acustico \u00e8 drasticamente ridotto (fino al 90 %). La combinazione di Pianissimo e di dedicate sequenze di acquisizione nel pacchetto Pianissimo Zen produce un ulteriore abbattimento del rumore fino al 99% che equivale a 63 dB in termini assoluti.<\/p>\n<p>Grazie ad una bobina colonna integrata nel lettino ma non fissa, si possono effettuare in maniera routinaria esami che richiedono la scansione della parte lombare e toracica inserendo il paziente di piedi (modalit\u00e0 feet first) e traslando la bobina stessa. Tale bobina permette anche un contatto il pi\u00f9 possibile diretto con il paziente, favorendo un incremento del rapporto segnale-rumore proprio perch\u00e9 minimizza il pi\u00f9 possibile l\u2019interfaccia tra l\u2019elemento ricevente e il corpo. Il lettino \u00e8 progettato ergonomicamente per massimizzare sia il comfort del paziente che il numero di pazienti che \u00e8 possibile fare. La parte alta del lettino pu\u00f2 essere abbassata fino a 43 cm dal pavimento. La porzione scansionabile \u00e8 di 205 cm. Il lettino pu\u00f2 sopportare un carico paziente fino a 254 Kg.<\/p>\n<p>Da sempre Canon Medical Systems \u00e8 stata pioniera nelle tecniche di angiografia senza utilizzo di mezzo di contrasto sia per applicazioni neurologiche che per altri distretti anatomici (torace, addome, ecc); Canon offre diverse tecniche, come per esempio quella denominata \u201cFBI\u201d (Fresh Blood Imaging) e \u201ct-SLIP\u201d, tutte certificate e validate dall\u2019organismo FDA Statunitense. Canon offre sequenze angiografiche senza contrasto in trigger cardiaco o respiratorio su ogni distretto corporeo.<\/p>\n<p>AiCE \u00e8 la prima tecnologia di ricostruzione al mondo basata sul Deep Learning per la Risonanza Magnetica. \u00c8 un\u2019unit\u00e0 di ricostruzione opzionale nei sistemi Canon che rimuove in modo intelligente il rumore dalle immagini RM generando un elevato rapporto segnale-rumore e migliorando pertanto la risoluzione anatomica e spaziale. Un algoritmo basato sul Deep Learning riduce il rumore termico generato sull\u2019immagine grazie ad una Rete Neurale di tipo Convolutivo (Deep Convolutional Neural Network, DCNN). La rete neurale \u00e8 stata precedentemente addestrata a riprodurre immagini ad alta qualit\u00e0, ottenute ad esempio con un elevato numero di medie, avendo in ingresso le stesse immagini ma caratterizzate da una forte presenza di rumore. In tal modo, AiCE \u00e8 in grado di ripristinare un alto rapporto S\/R in immagini MR acquisite con rapporti S\/N bassi (ad esempio acquisite con alti fattori di accelerazione e\/o a elevata risoluzione spaziale).<\/p>","protected":false},"excerpt":{"rendered":"<p><span style=\"color: #000000;\">Vantage Galan 3T \u00e8 lo scanner per Risonanza Magnetica ad alte prestazioni di Canon Medical Systems, progettato per offrire un&#8217;esperienza totalmente rinnovata sia per i pazienti che per gli operatori sanitari. Pensato per massimizzare il comfort del paziente, garantire un&#8217;eccellente qualit\u00e0 delle immagini e ottimizzare il flusso di lavoro clinico, Vantage Galan 3T ridefinisce gli standard della diagnostica per immagini \u2013 grazie al sistema RM pi\u00f9 compatto e silenzioso della sua categoria.<\/span><\/p>","protected":false},"featured_media":3670,"template":"","meta":{"_acf_changed":false,"wds_primary_product_brand":0,"wds_primary_product_cat":0,"wds_primary_yith_product_brand":0},"product_brand":[],"product_cat":[244],"product_tag":[],"class_list":{"0":"post-1102","1":"product","2":"type-product","3":"status-publish","4":"has-post-thumbnail","6":"product_cat-risonanza-magnetica","7":"yith_product_brand-canon","9":"first","10":"instock","11":"shipping-taxable","12":"product-type-simple"},"acf":[],"_links":{"self":[{"href":"https:\/\/tradeart2000.com\/en\/wp-json\/wp\/v2\/product\/1102","targetHints":{"allow":["GET"]}}],"collection":[{"href":"https:\/\/tradeart2000.com\/en\/wp-json\/wp\/v2\/product"}],"about":[{"href":"https:\/\/tradeart2000.com\/en\/wp-json\/wp\/v2\/types\/product"}],"wp:featuredmedia":[{"embeddable":true,"href":"https:\/\/tradeart2000.com\/en\/wp-json\/wp\/v2\/media\/3670"}],"wp:attachment":[{"href":"https:\/\/tradeart2000.com\/en\/wp-json\/wp\/v2\/media?parent=1102"}],"wp:term":[{"taxonomy":"product_brand","embeddable":true,"href":"https:\/\/tradeart2000.com\/en\/wp-json\/wp\/v2\/product_brand?post=1102"},{"taxonomy":"product_cat","embeddable":true,"href":"https:\/\/tradeart2000.com\/en\/wp-json\/wp\/v2\/product_cat?post=1102"},{"taxonomy":"product_tag","embeddable":true,"href":"https:\/\/tradeart2000.com\/en\/wp-json\/wp\/v2\/product_tag?post=1102"}],"curies":[{"name":"wp","href":"https:\/\/api.w.org\/{rel}","templated":true}]}}