{"id":1109,"date":"2025-06-30T13:37:28","date_gmt":"2025-06-30T13:37:28","guid":{"rendered":"https:\/\/tradeart.strategiedigitali.net\/?post_type=product&#038;p=1109"},"modified":"2025-12-13T16:05:21","modified_gmt":"2025-12-13T16:05:21","slug":"aquilion-start","status":"publish","type":"product","link":"https:\/\/tradeart2000.com\/en\/product\/aquilion-start\/","title":{"rendered":"Aquilion Start"},"content":{"rendered":"<p>Aquilion Start garantisce flussi di lavoro pi\u00f9 veloci con prestazioni ottimizzate in un sistema compatto per massimizzare la flessibilit\u00e0 clinica con un perfetto equilibrio tra qualit\u00e0 dell\u2019immagine e dose paziente.<\/p>\n<p>Costruito intorno alle esigenze del paziente e del medico, il design di Aquilion Start incorpora un ampio gantry per consentire una scansione confortevole anche dei pazienti pi\u00f9 grandi. Il piano del tavolo pu\u00f2 essere abbassato ad un\u2019altezza minima di 31,2 cm per facilitare il trasferimento del paziente da una sedia a rotelle o da una barella. Aquilion Start \u00e8 facile da configurare, necessita di infrastrutture minime e dispone di una maggiore automazione per un funzionamento intuitivo. I controlli versatili e la maggiore automazione aiutano il personale clinico a familiarizzare rapidamente con il funzionamento del sistema e le tecnologie avanzate ereditate dai sistemi TC premium, permettono di ottimizzare la sicurezza del paziente, accelerare il processo decisionale clinico e dare priorit\u00e0 all\u2019efficienza del flusso di lavoro.<\/p>","protected":false},"excerpt":{"rendered":"<p>Il nuovo sistema Aquilion Start \u00e8 un sistema CT elicoidale multistrato che supporta imaging di tutto il corpo, disponibile in configurazioni a 16 e 32 strati.<\/p>","protected":false},"featured_media":3295,"template":"","meta":{"_acf_changed":false,"wds_primary_product_brand":0,"wds_primary_product_cat":0,"wds_primary_yith_product_brand":0},"product_brand":[],"product_cat":[243],"product_tag":[],"class_list":{"0":"post-1109","1":"product","2":"type-product","3":"status-publish","4":"has-post-thumbnail","6":"product_cat-tc","7":"yith_product_brand-canon","9":"first","10":"instock","11":"shipping-taxable","12":"product-type-simple"},"acf":[],"_links":{"self":[{"href":"https:\/\/tradeart2000.com\/en\/wp-json\/wp\/v2\/product\/1109","targetHints":{"allow":["GET"]}}],"collection":[{"href":"https:\/\/tradeart2000.com\/en\/wp-json\/wp\/v2\/product"}],"about":[{"href":"https:\/\/tradeart2000.com\/en\/wp-json\/wp\/v2\/types\/product"}],"wp:featuredmedia":[{"embeddable":true,"href":"https:\/\/tradeart2000.com\/en\/wp-json\/wp\/v2\/media\/3295"}],"wp:attachment":[{"href":"https:\/\/tradeart2000.com\/en\/wp-json\/wp\/v2\/media?parent=1109"}],"wp:term":[{"taxonomy":"product_brand","embeddable":true,"href":"https:\/\/tradeart2000.com\/en\/wp-json\/wp\/v2\/product_brand?post=1109"},{"taxonomy":"product_cat","embeddable":true,"href":"https:\/\/tradeart2000.com\/en\/wp-json\/wp\/v2\/product_cat?post=1109"},{"taxonomy":"product_tag","embeddable":true,"href":"https:\/\/tradeart2000.com\/en\/wp-json\/wp\/v2\/product_tag?post=1109"}],"curies":[{"name":"wp","href":"https:\/\/api.w.org\/{rel}","templated":true}]}}