{"id":1112,"date":"2025-06-30T13:43:34","date_gmt":"2025-06-30T13:43:34","guid":{"rendered":"https:\/\/tradeart.strategiedigitali.net\/?post_type=product&#038;p=1112"},"modified":"2025-12-13T16:33:45","modified_gmt":"2025-12-13T16:33:45","slug":"g-scan-brio","status":"publish","type":"product","link":"https:\/\/tradeart2000.com\/en\/product\/g-scan-brio\/","title":{"rendered":"G-Scan Brio"},"content":{"rendered":"<p>G-scan Brio \u00e8 una RM che rivoluziona l\u2019approccio all\u2019esame. La RM sotto carico permette di incrementare l\u2019accuratezza diagnostica ed il livello di confidenza. Il design unico ed innovativo con magnete aperto e rotante fa si che la posizione del paziente diventi una parte integrante dell\u2019esame.<\/p>\n<p>G-scan Brio integra funzionalit\u00e0 e caratteristiche avanzate come ad esempio l\u2019elevata qualit\u00e0 d\u2019immagine, il magnete permanente a struttura aperta Gantry rotante, il lettino del paziente ottimizzato ed ergonomico per un facile posizionamento e un elevato livello di comfort durante l\u2019esame.<\/p>\n<p>\u00c8 disponibile un\u2019ampia scelta di bobine per imaging muscolo-scheletrico dedicate, per un totale di oltre 10 bobine per tutti i distretti anatomici. Tutte le bobine sono state progettate sia per l\u2019utilizzo convenzionale che per quello sotto carico garantendo un elevato livello di qualit\u00e0 d\u2019immagine e comfort del paziente. L\u2019interfaccia utente \u00e8 molto semplice ed intuitiva. Gli esami di routine possono essere eseguiti solo con alcuni clic del mouse. Anche gli utenti pi\u00f9 esperti saranno pienamente soddisfatti perch\u00e9 tutti i parametri di scansione possono essere modificati e le sequenze personalizzate possono essere archiviate e integrate nella normale struttura di menu per un uso successivo.<\/p>\n<p>L\u2019innovativa tecnologia eXP garantisce, grazie ad una combinazione di hardware e software, un miglioramento delle performances del sistema G-scan in termini di funzionalit\u00e0, tempo di acquisizione e qualit\u00e0 di immagine. Grazie alla possibilit\u00e0 di ottenere un flusso pazienti pi\u00f9 elevato, di potenziare ed ottimizzare le capacit\u00e0 diagnostiche dell\u2019imaging RM e di avvalersi di tecniche di acquisizione all\u2019avanguardia, la tecnologia eXP rappresenta la scelta ideale per siti ad alto volume di pazienti o che fanno dell\u2019alto livello qualitativo di imaging un requisito imprescindibile.<\/p>","protected":false},"excerpt":{"rendered":"<p>G-scan Brio \u00e8 una risonanza magnetica 0,25 T progettata per applicazioni muscolo-scheletriche anche sotto carico fisiologico.<\/p>","protected":false},"featured_media":3321,"template":"","meta":{"_acf_changed":false,"wds_primary_product_brand":0,"wds_primary_product_cat":0,"wds_primary_yith_product_brand":0},"product_brand":[],"product_cat":[244],"product_tag":[],"class_list":{"0":"post-1112","1":"product","2":"type-product","3":"status-publish","4":"has-post-thumbnail","6":"product_cat-risonanza-magnetica","7":"yith_product_brand-esaote","9":"first","10":"instock","11":"shipping-taxable","12":"product-type-simple"},"acf":[],"_links":{"self":[{"href":"https:\/\/tradeart2000.com\/en\/wp-json\/wp\/v2\/product\/1112","targetHints":{"allow":["GET"]}}],"collection":[{"href":"https:\/\/tradeart2000.com\/en\/wp-json\/wp\/v2\/product"}],"about":[{"href":"https:\/\/tradeart2000.com\/en\/wp-json\/wp\/v2\/types\/product"}],"wp:featuredmedia":[{"embeddable":true,"href":"https:\/\/tradeart2000.com\/en\/wp-json\/wp\/v2\/media\/3321"}],"wp:attachment":[{"href":"https:\/\/tradeart2000.com\/en\/wp-json\/wp\/v2\/media?parent=1112"}],"wp:term":[{"taxonomy":"product_brand","embeddable":true,"href":"https:\/\/tradeart2000.com\/en\/wp-json\/wp\/v2\/product_brand?post=1112"},{"taxonomy":"product_cat","embeddable":true,"href":"https:\/\/tradeart2000.com\/en\/wp-json\/wp\/v2\/product_cat?post=1112"},{"taxonomy":"product_tag","embeddable":true,"href":"https:\/\/tradeart2000.com\/en\/wp-json\/wp\/v2\/product_tag?post=1112"}],"curies":[{"name":"wp","href":"https:\/\/api.w.org\/{rel}","templated":true}]}}