{"id":1113,"date":"2025-06-30T13:45:01","date_gmt":"2025-06-30T13:45:01","guid":{"rendered":"https:\/\/tradeart.strategiedigitali.net\/?post_type=product&#038;p=1113"},"modified":"2025-12-13T17:48:57","modified_gmt":"2025-12-13T17:48:57","slug":"s-scan","status":"publish","type":"product","link":"https:\/\/tradeart2000.com\/en\/product\/s-scan\/","title":{"rendered":"S-Scan"},"content":{"rendered":"<p>S-scan \u00e8 un sistema RM che copre l\u2019intera anatomia muscolo-scheletrica, dai piedi alle spalle, includendo i segmenti della spina dorsale pi\u00f9 importanti, compresi quelli della spina lombare e cervicale. \u00c8 una soluzione completa ed efficiente specificamente ottimizzata per le esigenze di imaging dell\u2019apparato muscolo-scheletrico. S-scan \u00e8 sinonimo di alta qualit\u00e0 di immagine ed efficienza sia nel tempo d\u2019esame che nei costi di gestione. Il sistema garantisce una vasta gamma di applicazioni, semplicit\u00e0 d\u2019utilizzo, un alto livello di comfort per il paziente, efficienza nella gestione ed un\u2019elevata qualit\u00e0 d\u2019immagine.<\/p>\n<p>Il sistema \u00e8 corredato di un display interattivo sul gantry per ottimizzare il posizionamento del paziente. Con Real Time si pu\u00f2 avviare e visualizzare lo Scout e localizzarlo direttamente dal magnete. Queste funzionalit\u00e0 semplificano e velocizzano le operazioni di posizionamento evitando di dover verificare il corretto posizionamento alla console prima di lanciare l\u2019esame. L\u2019accesso facile e diretto del paziente, garantito dal design aperto e compatto del magnete, la rendono il sistema ideale per applicazioni avanzate quale per esempio la Artografia RM. S-scan comprende un\u2019ampia gamma di bobine dedicate per ogni applicazione.<\/p>\n<p>S-scan vanta inoltre le seguenti funzionalit\u00e0 e caratteristiche di sistema:<\/p>\n<ul>\n<li>Magnete permanente a struttura aperta che non richiede manutenzione<\/li>\n<li>Campo: 0,25 Tesla<\/li>\n<li>Consumo energetico ridotto: meno di 3 kW in una presa di corrente standard a 220\/110 V<\/li>\n<li>Tutte le sequenze di immagini impostate per il distretto muscolo-scheletrico<\/li>\n<li>Set completo di sequenze e protocolli predefiniti<\/li>\n<li>Sequenze definite dall\u2019utente e protocolli d\u2019esame personalizzati<\/li>\n<li>Scanogramma multiplanare<\/li>\n<li>Ampia gamma di strumenti per la visualizzazione, l\u2019analisi e l\u2019elaborazione delle immagini<\/li>\n<li>Funzionalit\u00e0 di assistenza a distanza<\/li>\n<\/ul>","protected":false},"excerpt":{"rendered":"<p>S-scan \u00e8 una RM completa ed efficiente, ottimizzata per l\u2019imaging muscolo-scheletrico dall\u2019estremit\u00e0 inferiore alla colonna cervicale.<\/p>","protected":false},"featured_media":3373,"template":"","meta":{"_acf_changed":false,"wds_primary_product_brand":0,"wds_primary_product_cat":0,"wds_primary_yith_product_brand":0},"product_brand":[],"product_cat":[244],"product_tag":[],"class_list":{"0":"post-1113","1":"product","2":"type-product","3":"status-publish","4":"has-post-thumbnail","6":"product_cat-risonanza-magnetica","7":"yith_product_brand-esaote","9":"first","10":"instock","11":"shipping-taxable","12":"product-type-simple"},"acf":[],"_links":{"self":[{"href":"https:\/\/tradeart2000.com\/en\/wp-json\/wp\/v2\/product\/1113","targetHints":{"allow":["GET"]}}],"collection":[{"href":"https:\/\/tradeart2000.com\/en\/wp-json\/wp\/v2\/product"}],"about":[{"href":"https:\/\/tradeart2000.com\/en\/wp-json\/wp\/v2\/types\/product"}],"wp:featuredmedia":[{"embeddable":true,"href":"https:\/\/tradeart2000.com\/en\/wp-json\/wp\/v2\/media\/3373"}],"wp:attachment":[{"href":"https:\/\/tradeart2000.com\/en\/wp-json\/wp\/v2\/media?parent=1113"}],"wp:term":[{"taxonomy":"product_brand","embeddable":true,"href":"https:\/\/tradeart2000.com\/en\/wp-json\/wp\/v2\/product_brand?post=1113"},{"taxonomy":"product_cat","embeddable":true,"href":"https:\/\/tradeart2000.com\/en\/wp-json\/wp\/v2\/product_cat?post=1113"},{"taxonomy":"product_tag","embeddable":true,"href":"https:\/\/tradeart2000.com\/en\/wp-json\/wp\/v2\/product_tag?post=1113"}],"curies":[{"name":"wp","href":"https:\/\/api.w.org\/{rel}","templated":true}]}}