{"id":1114,"date":"2025-06-30T13:47:44","date_gmt":"2025-06-30T13:47:44","guid":{"rendered":"https:\/\/tradeart.strategiedigitali.net\/?post_type=product&#038;p=1114"},"modified":"2025-12-13T17:20:46","modified_gmt":"2025-12-13T17:20:46","slug":"o-scan","status":"publish","type":"product","link":"https:\/\/tradeart2000.com\/en\/product\/o-scan\/","title":{"rendered":"O-Scan"},"content":{"rendered":"<p>O-scan \u00e8 la risposta ideale alle attuali esigenze del settore medicale: comfort del paziente, qualit\u00e0, tempi di esecuzione degli esami ridotti e flusso di lavoro efficiente.<\/p>\n<p>O-scan, \u00e8 una tecnologia progettata su misura per gli utenti e vanta eccellenti funzionalit\u00e0 e caratteristiche di sistema come il magnete permanente a struttura aperta, intensit\u00e0 di campo pari a 0,31 Tesla, design ergonomico per il massimo comfort del paziente (anti-claustrofobia), set completo di bobine DPA dedicate. Non \u00e8 richiesta la gabbia di isolamento RF. \u00c8 disponibile un set completo di sequenze e protocolli predefiniti, sequenze definite dall\u2019utente e protocolli d\u2019esame personalizzati.<\/p>\n<p>L\u2019interfaccia utente intuitiva \u00e8 facile da utilizzare e basata su sistema operativo Windows. I protocolli sono specificamente progettati per RM agli arti e consentono di accelerare e semplificare in maniera considerevole le procedure d\u2019esame. O-Scan dispone di un\u2019ampia gamma di strumenti per la visualizzazione, l\u2019analisi e l\u2019elaborazione delle immagini. Il sistema O-scan dispone di tutte le funzioni di rete, archiviazione e documentazione, in modo da garantire il funzionamento sia in modalit\u00e0 stand-alone sia all\u2019interno di un ambiente integrato. Offre un pacchetto software di archivio e recupero su DVD integrato, supporto della funzione di stampa e un pacchetto CD paziente. O-scan \u00e8 anche conforme con DICOM e offre soluzioni intelligenti per la gestione della connettivit\u00e0 e della teleradiologia.<\/p>","protected":false},"excerpt":{"rendered":"<p>O-scan \u00e8 l\u2019eccezionale sistema RM per la diagnosi degli arti. Esso offre una gamma completa di funzionalit\u00e0 di imaging degli arti di alta qualit\u00e0 e, grazie alla forma aperta estremamente ergonomica, assicura al paziente un\u2019esperienza ottimale.<\/p>","protected":false},"featured_media":3354,"template":"","meta":{"_acf_changed":false,"wds_primary_product_brand":0,"wds_primary_product_cat":0,"wds_primary_yith_product_brand":0},"product_brand":[],"product_cat":[244],"product_tag":[],"class_list":{"0":"post-1114","1":"product","2":"type-product","3":"status-publish","4":"has-post-thumbnail","6":"product_cat-risonanza-magnetica","7":"yith_product_brand-esaote","9":"first","10":"instock","11":"shipping-taxable","12":"product-type-simple"},"acf":[],"_links":{"self":[{"href":"https:\/\/tradeart2000.com\/en\/wp-json\/wp\/v2\/product\/1114","targetHints":{"allow":["GET"]}}],"collection":[{"href":"https:\/\/tradeart2000.com\/en\/wp-json\/wp\/v2\/product"}],"about":[{"href":"https:\/\/tradeart2000.com\/en\/wp-json\/wp\/v2\/types\/product"}],"wp:featuredmedia":[{"embeddable":true,"href":"https:\/\/tradeart2000.com\/en\/wp-json\/wp\/v2\/media\/3354"}],"wp:attachment":[{"href":"https:\/\/tradeart2000.com\/en\/wp-json\/wp\/v2\/media?parent=1114"}],"wp:term":[{"taxonomy":"product_brand","embeddable":true,"href":"https:\/\/tradeart2000.com\/en\/wp-json\/wp\/v2\/product_brand?post=1114"},{"taxonomy":"product_cat","embeddable":true,"href":"https:\/\/tradeart2000.com\/en\/wp-json\/wp\/v2\/product_cat?post=1114"},{"taxonomy":"product_tag","embeddable":true,"href":"https:\/\/tradeart2000.com\/en\/wp-json\/wp\/v2\/product_tag?post=1114"}],"curies":[{"name":"wp","href":"https:\/\/api.w.org\/{rel}","templated":true}]}}