{"id":1121,"date":"2025-06-30T13:58:03","date_gmt":"2025-06-30T13:58:03","guid":{"rendered":"https:\/\/tradeart.strategiedigitali.net\/?post_type=product&#038;p=1121"},"modified":"2025-12-13T16:55:51","modified_gmt":"2025-12-13T16:55:51","slug":"materiali-di-consumo","status":"publish","type":"product","link":"https:\/\/tradeart2000.com\/en\/product\/materiali-di-consumo\/","title":{"rendered":"Consumables"},"content":{"rendered":"<p>Offriamo una selezione di materiali di consumo pensati per supportare l\u2019attivit\u00e0 quotidiana dei reparti diagnostici e clinici, garantendo qualit\u00e0, affidabilit\u00e0 e compatibilit\u00e0 con le principali apparecchiature presenti sul mercato:<\/p>\n<ul>\n<li class=\"translation-block\"><b>Injectors<\/b>: Single-use consumables and accessories for contrast media injectors, compatible with major makes and models.<\/li>\n<li class=\"translation-block\"><b>C-Arms<\/b>: Components and consumable accessories for the optimal use of C-arms, including sterile drapes, protective covers, and radiolucent materials.<\/li>\n<li class=\"translation-block\"><b>Breast Biopsy<\/b>: Needles, single-use kits, and dedicated breast biopsy devices, available in various options for stereotactic or ultrasound-guided techniques.<\/li>\n<li class=\"translation-block\"><b>Mammography Systems<\/b>: Specific consumable supplies for mammography units.<\/li>\n<li class=\"translation-block\"><b>Printing<\/b>: Medical printing media, including thermal films for DICOM printers, cartridges, and diagnostic paper.<\/li>\n<\/ul>","protected":false},"excerpt":{"rendered":"<p>Offriamo una selezione di materiali di consumo pensati per supportare l\u2019attivit\u00e0 quotidiana dei reparti diagnostici e clinici, garantendo qualit\u00e0, affidabilit\u00e0 e compatibilit\u00e0 con le principali apparecchiature presenti sul mercato:<\/p>\n<ul>\n<li class=\"translation-block\"><b>Injectors<\/b>: Single-use consumables and accessories for contrast media injectors, compatible with major makes and models.<\/li>\n<li class=\"translation-block\"><b>C-Arms<\/b>: Components and consumable accessories for the optimal use of C-arms, including sterile drapes, protective covers, and radiolucent materials.<\/li>\n<li class=\"translation-block\"><b>Breast Biopsy<\/b>: Needles, single-use kits, and dedicated breast biopsy devices, available in various options for stereotactic or ultrasound-guided techniques.<\/li>\n<li class=\"translation-block\"><b>Mammography Systems<\/b>: Specific consumable supplies for mammography units.<\/li>\n<li class=\"translation-block\"><b>Printing<\/b>: Medical printing media, including thermal films for DICOM printers, cartridges, and diagnostic paper.<\/li>\n<\/ul>","protected":false},"featured_media":3336,"template":"","meta":{"_acf_changed":false,"wds_primary_product_brand":0,"wds_primary_product_cat":0,"wds_primary_yith_product_brand":0},"product_brand":[],"product_cat":[20],"product_tag":[],"class_list":{"0":"post-1121","1":"product","2":"type-product","3":"status-publish","4":"has-post-thumbnail","6":"product_cat-altro","8":"first","9":"instock","10":"shipping-taxable","11":"product-type-simple"},"acf":[],"_links":{"self":[{"href":"https:\/\/tradeart2000.com\/en\/wp-json\/wp\/v2\/product\/1121","targetHints":{"allow":["GET"]}}],"collection":[{"href":"https:\/\/tradeart2000.com\/en\/wp-json\/wp\/v2\/product"}],"about":[{"href":"https:\/\/tradeart2000.com\/en\/wp-json\/wp\/v2\/types\/product"}],"wp:featuredmedia":[{"embeddable":true,"href":"https:\/\/tradeart2000.com\/en\/wp-json\/wp\/v2\/media\/3336"}],"wp:attachment":[{"href":"https:\/\/tradeart2000.com\/en\/wp-json\/wp\/v2\/media?parent=1121"}],"wp:term":[{"taxonomy":"product_brand","embeddable":true,"href":"https:\/\/tradeart2000.com\/en\/wp-json\/wp\/v2\/product_brand?post=1121"},{"taxonomy":"product_cat","embeddable":true,"href":"https:\/\/tradeart2000.com\/en\/wp-json\/wp\/v2\/product_cat?post=1121"},{"taxonomy":"product_tag","embeddable":true,"href":"https:\/\/tradeart2000.com\/en\/wp-json\/wp\/v2\/product_tag?post=1121"}],"curies":[{"name":"wp","href":"https:\/\/api.w.org\/{rel}","templated":true}]}}