{"id":2414,"date":"2025-08-07T14:55:15","date_gmt":"2025-08-07T14:55:15","guid":{"rendered":"https:\/\/tradeart.strategiedigitali.net\/?post_type=product&#038;p=2414"},"modified":"2025-12-13T17:38:52","modified_gmt":"2025-12-13T17:38:52","slug":"rws-remoteye","status":"publish","type":"product","link":"https:\/\/tradeart2000.com\/en\/product\/rws-remoteye\/","title":{"rendered":"RWS Remoteye"},"content":{"rendered":"<p>RemotEye Suite rappresenta una soluzione completa per tutte le esigenze di visualizzazione di immagini mediche. Offre piena conformit\u00e0 allo standard DICOM, architettura web-based, compatibilit\u00e0 multipiattaforma, supporto per una vasta variet\u00e0 di dispositivi desktop. RemotEye Suite include moduli software per una visualizzazione e refertazione diagnostica di immagini mediche su computer desktop e workstation (RemotEye Viewer), ma anche moduli dedicati alla semplice revisione delle immagini mediche su desktop, tablet o smartphone (RemotEye Lite). RemotEye Viewer \u00e8 un visualizzatore di immagini mediche DICOM di livello diagnostico, ricco di funzionalit\u00e0, conforme alle normative e certificato.<\/p>\n<p>RemoteEye supporta tutti i tipi e le codifiche di immagini DICOM, window\/level, zoom, rotazioni, pseudo-colorazione, filtri di miglioramento sulle immagini, strumenti avanzati per la misurazione di distanze, superfici, angoli, densit\u00e0 (inclusa SUV su immagini PET), nonch\u00e8 per l\u2019annotazione grafica, Cine-playback di sequenze multi-frame, Hanging Protocols, con hanging steps multipli per ogni Hanging Protocol, supporto per Tomosintesi Mammaria ed esami Stress Echo, ricostruzione multi-planare (MPR), sia ortogonale sia obliqua, con supporto per thick slab sulle viste 2D (algoritmi MIP, MinIP, AvgIP), modalit\u00e0 thick slab sulle serie originali (algoritmi MIP, MinIP, AvgIP), reference lines (scout lines) e 3D localizer cursor per RM e TAC, overlay testuali e scorciatoie da tastiera completamente configurabili, supporto per la visualizzazione degli indicatori Mammo CAD SR. Supporta configurazioni multi-monitor, interfaccia di integrazione flessibile ed avanzata verso applicazioni di terze parti, interfaccia utente multi-lingua, marcato CE come dispositivo medico di classe IIa e registrato FDA come dispositivo medico di classe II.<\/p>","protected":false},"excerpt":{"rendered":"<p>A multi-platform software solution, certified as a medical device, for viewing, reporting, and distributing medical examinations.\n<br><br>\n<b>*Available for distribution exclusively in Italy.<\/b><\/p>","protected":false},"featured_media":3368,"template":"","meta":{"_acf_changed":false,"wds_primary_product_brand":0,"wds_primary_product_cat":0,"wds_primary_yith_product_brand":0},"product_brand":[],"product_cat":[218],"product_tag":[],"class_list":{"0":"post-2414","1":"product","2":"type-product","3":"status-publish","4":"has-post-thumbnail","6":"product_cat-sistemi-it","7":"yith_product_brand-elios","9":"first","10":"instock","11":"shipping-taxable","12":"product-type-simple"},"acf":[],"_links":{"self":[{"href":"https:\/\/tradeart2000.com\/en\/wp-json\/wp\/v2\/product\/2414","targetHints":{"allow":["GET"]}}],"collection":[{"href":"https:\/\/tradeart2000.com\/en\/wp-json\/wp\/v2\/product"}],"about":[{"href":"https:\/\/tradeart2000.com\/en\/wp-json\/wp\/v2\/types\/product"}],"wp:featuredmedia":[{"embeddable":true,"href":"https:\/\/tradeart2000.com\/en\/wp-json\/wp\/v2\/media\/3368"}],"wp:attachment":[{"href":"https:\/\/tradeart2000.com\/en\/wp-json\/wp\/v2\/media?parent=2414"}],"wp:term":[{"taxonomy":"product_brand","embeddable":true,"href":"https:\/\/tradeart2000.com\/en\/wp-json\/wp\/v2\/product_brand?post=2414"},{"taxonomy":"product_cat","embeddable":true,"href":"https:\/\/tradeart2000.com\/en\/wp-json\/wp\/v2\/product_cat?post=2414"},{"taxonomy":"product_tag","embeddable":true,"href":"https:\/\/tradeart2000.com\/en\/wp-json\/wp\/v2\/product_tag?post=2414"}],"curies":[{"name":"wp","href":"https:\/\/api.w.org\/{rel}","templated":true}]}}